{"id":2845,"date":"2025-06-19T16:11:47","date_gmt":"2025-06-19T14:11:47","guid":{"rendered":"https:\/\/migmatit.se\/?page_id=2845"},"modified":"2025-06-19T16:11:48","modified_gmt":"2025-06-19T14:11:48","slug":"daily-journaling-freebie","status":"publish","type":"page","link":"https:\/\/migmatit.se\/en\/daily-journaling-freebie\/","title":{"rendered":"Daily journaling freebie"},"content":{"rendered":"<div class=\"wp-block-uagb-container uagb-block-85397a45 alignfull uagb-is-root-container\"><div class=\"uagb-container-inner-blocks-wrap\">\n<div class=\"wp-block-uagb-container uagb-block-35ad06a0\">\n<div class=\"wp-block-uagb-advanced-heading uagb-block-f16829d3\"><h2 class=\"uagb-heading-text\">Register to get a tool to create sustainable and impactful reflection time - for free<\/h2><\/div>\n\n\n\n\n\n<iframe\n    src=\"https:\/\/links.somba.io\/widget\/form\/DuFohsjDvDzOjTnqzGW5\"\n    style=\"width:100%;height:100%;border:none;border-radius:4px\"\n    id=\"inline-DuFohsjDvDzOjTnqzGW5\" \n    data-layout=\"{'id':'INLINE'}\"\n    data-trigger-type=\"alwaysShow\"\n    data-trigger-value=\"\"\n    data-activation-type=\"alwaysActivated\"\n    data-activation-value=\"\"\n    data-deactivation-type=\"neverDeactivate\"\n    data-deactivation-value=\"\"\n    data-form-name=\"DailyJournalingWorkbookFreebie_EN\"\n    data-height=\"462\"\n    data-layout-iframe-id=\"inline-DuFohsjDvDzOjTnqzGW5\"\n    data-form-id=\"DuFohsjDvDzOjTnqzGW5\"\n    title=\"DailyJournalingWorkbookFreebie_EN\"\n        >\n<\/iframe>\n<script src=\"https:\/\/links.somba.io\/js\/form_embed.js\"><\/script>\n<\/div>\n\n\n\n<div class=\"wp-block-uagb-container uagb-block-6f3525c0\"><\/div>\n<\/div><\/div>\n\n\n\n<div class=\"wp-block-uagb-container uagb-block-3bfd15b4 alignfull uagb-is-root-container\"><div class=\"uagb-container-inner-blocks-wrap\">\n<div class=\"wp-block-uagb-advanced-heading uagb-block-8be36d42\"><h2 class=\"uagb-heading-text\">Listen on podcast episodes that discuss more about this subject<\/h2><\/div>\n\n\n\n\t\t\t<div class=\"wp-block-uagb-post-grid uagb-post-grid  uagb-post__image-position-top uagb-post__image-enabled uagb-block-67d0222c     uagb-post__items uagb-post__columns-3 is-grid uagb-post__columns-tablet-2 uagb-post__columns-mobile-1 uagb-post__equal-height\" data-total=\"2\" style=\"\">\n\n\t\t\t\t\t\t\t\t\t\t\t\t<article class=\"uagb-post__inner-wrap\">\t\t\t\t\t\t\t\t<div class='uagb-post__image'>\n\t\t\t\t\t\t\t\t\t<a href=\"https:\/\/migmatit.se\/en\/podcastepisode\/45\/\" target=\"_self\" rel=\"bookmark noopener noreferrer\" class='uagb-image-ratio-inherit'><img loading=\"lazy\" decoding=\"async\" width=\"1024\" height=\"576\" src=\"https:\/\/migmatit.se\/wp-content\/uploads\/2026\/03\/What-You-Can-Control-in-Uncertain-Times-The-3-Circles-Framework-1024x576.png\" class=\"attachment-large size-large\" alt=\"\" srcset=\"https:\/\/migmatit.se\/wp-content\/uploads\/2026\/03\/What-You-Can-Control-in-Uncertain-Times-The-3-Circles-Framework-1024x576.png 1024w, https:\/\/migmatit.se\/wp-content\/uploads\/2026\/03\/What-You-Can-Control-in-Uncertain-Times-The-3-Circles-Framework-300x169.png 300w, https:\/\/migmatit.se\/wp-content\/uploads\/2026\/03\/What-You-Can-Control-in-Uncertain-Times-The-3-Circles-Framework-768x432.png 768w, https:\/\/migmatit.se\/wp-content\/uploads\/2026\/03\/What-You-Can-Control-in-Uncertain-Times-The-3-Circles-Framework-18x10.png 18w, https:\/\/migmatit.se\/wp-content\/uploads\/2026\/03\/What-You-Can-Control-in-Uncertain-Times-The-3-Circles-Framework.png 1280w\" sizes=\"auto, (max-width: 1024px) 100vw, 1024px\" \/>\t\t\t\t\t<\/a>\n\t\t\t\t\t\t\t<\/div>\n\t\t\t\t\t\t<h4 class=\"uagb-post__title uagb-post__text\">\n\t\t\t\t<a href=\"https:\/\/migmatit.se\/en\/podcastepisode\/45\/\" target=\"_self\" rel=\"bookmark noopener noreferrer\">#45 What Can You Control in Uncertain Times?<\/a>\n\t\t\t<\/h4>\n\t\t\t\t\t\t<div class='uagb-post__text uagb-post-grid-byline'>\n\t\t\t\t\t\t\t\t<time datetime=\"2026-03-04T08:42:24+01:00\" class=\"uagb-post__date\">\n\t\t\t\t<span class=\"dashicons-calendar dashicons\"><\/span>\t\t\t\t\t4 March 2026\t\t\t\t<\/time>\n\t\t\t\t\t\t\t<span class=\"uagb-post__comment\">\n\t\t\t\t<span class=\"dashicons-admin-comments dashicons\"><\/span>\t\t\t\t\tNo Comments\t\t\t\t<\/span>\n\t\t\t\t\t\t<\/div>\n\t\t\t\t\t\t\t<div class='uagb-post__text uagb-post__excerpt'>\n\t\t\t\t\tHow do you lead in uncertain times? Learn the three circles \u2013 a tool for\u2026\t\t\t\t<\/div>\n\t\t\t\t\t\t<div class=\"uagb-post__text uagb-post__cta wp-block-button\">\n\t\t\t\t<a class=\"wp-block-button__link uagb-text-link\" style=\"\" href=\"https:\/\/migmatit.se\/en\/podcastepisode\/45\/\" target=\"_self\" rel=\"bookmark noopener noreferrer\">Listen\/View<\/a>\n\t\t\t<\/div>\n\t\t\t\n\t\t\t\t\t\t\t\t\t<\/article>\n\t\t\t\t\t\t\t\t\t\t\t\t\t\t\t\t<article class=\"uagb-post__inner-wrap\">\t\t\t\t\t\t\t\t<div class='uagb-post__image'>\n\t\t\t\t\t\t\t\t\t<a href=\"https:\/\/migmatit.se\/en\/podcastepisode\/38\/\" target=\"_self\" rel=\"bookmark noopener noreferrer\" class='uagb-image-ratio-inherit'><img loading=\"lazy\" decoding=\"async\" width=\"640\" height=\"360\" src=\"https:\/\/migmatit.se\/wp-content\/uploads\/2026\/01\/Small-Habits-Real-Change-\u2014-A-More-Sustainable-Way-to-Lead.jpg\" class=\"attachment-large size-large\" alt=\"Episode 38 Confident Leadership In Colour. Small Habits, Real Change\" srcset=\"https:\/\/migmatit.se\/wp-content\/uploads\/2026\/01\/Small-Habits-Real-Change-\u2014-A-More-Sustainable-Way-to-Lead.jpg 640w, https:\/\/migmatit.se\/wp-content\/uploads\/2026\/01\/Small-Habits-Real-Change-\u2014-A-More-Sustainable-Way-to-Lead-300x169.jpg 300w, https:\/\/migmatit.se\/wp-content\/uploads\/2026\/01\/Small-Habits-Real-Change-\u2014-A-More-Sustainable-Way-to-Lead-18x10.jpg 18w\" sizes=\"auto, (max-width: 640px) 100vw, 640px\" \/>\t\t\t\t\t<\/a>\n\t\t\t\t\t\t\t<\/div>\n\t\t\t\t\t\t<h4 class=\"uagb-post__title uagb-post__text\">\n\t\t\t\t<a href=\"https:\/\/migmatit.se\/en\/podcastepisode\/38\/\" target=\"_self\" rel=\"bookmark noopener noreferrer\">Small Habits, Real Change \u2014 A More Sustainable Way to Lead<\/a>\n\t\t\t<\/h4>\n\t\t\t\t\t\t<div class='uagb-post__text uagb-post-grid-byline'>\n\t\t\t\t\t\t\t\t<time datetime=\"2026-01-14T08:38:02+01:00\" class=\"uagb-post__date\">\n\t\t\t\t<span class=\"dashicons-calendar dashicons\"><\/span>\t\t\t\t\t14 January 2026\t\t\t\t<\/time>\n\t\t\t\t\t\t\t<span class=\"uagb-post__comment\">\n\t\t\t\t<span class=\"dashicons-admin-comments dashicons\"><\/span>\t\t\t\t\tNo Comments\t\t\t\t<\/span>\n\t\t\t\t\t\t<\/div>\n\t\t\t\t\t\t\t<div class='uagb-post__text uagb-post__excerpt'>\n\t\t\t\t\tSm\u00e5 vanor skapar verklig f\u00f6r\u00e4ndring.\nI detta avsnitt av Confident Leadership. In Colour. delar ledarskapscoach Hanna&#8230;\t\t\t\t<\/div>\n\t\t\t\t\t\t<div class=\"uagb-post__text uagb-post__cta wp-block-button\">\n\t\t\t\t<a class=\"wp-block-button__link uagb-text-link\" style=\"\" href=\"https:\/\/migmatit.se\/en\/podcastepisode\/38\/\" target=\"_self\" rel=\"bookmark noopener noreferrer\">Listen\/View<\/a>\n\t\t\t<\/div>\n\t\t\t\n\t\t\t\t\t\t\t\t\t<\/article>\n\t\t\t\t\t\t\t\t\t\t\t\t\t\t\t\t<article class=\"uagb-post__inner-wrap\">\t\t\t\t\t\t\t\t<div class='uagb-post__image'>\n\t\t\t\t\t\t\t\t\t<a href=\"https:\/\/migmatit.se\/en\/podcastepisode\/23\/\" target=\"_self\" rel=\"bookmark noopener noreferrer\" class='uagb-image-ratio-inherit'><img loading=\"lazy\" decoding=\"async\" width=\"1024\" height=\"576\" src=\"https:\/\/migmatit.se\/wp-content\/uploads\/2025\/10\/Episode-23-Cover-1024x576.jpg\" class=\"attachment-large size-large\" alt=\"\" srcset=\"https:\/\/migmatit.se\/wp-content\/uploads\/2025\/10\/Episode-23-Cover-1024x576.jpg 1024w, https:\/\/migmatit.se\/wp-content\/uploads\/2025\/10\/Episode-23-Cover-300x169.jpg 300w, https:\/\/migmatit.se\/wp-content\/uploads\/2025\/10\/Episode-23-Cover-768x432.jpg 768w, https:\/\/migmatit.se\/wp-content\/uploads\/2025\/10\/Episode-23-Cover-1536x864.jpg 1536w, https:\/\/migmatit.se\/wp-content\/uploads\/2025\/10\/Episode-23-Cover-18x10.jpg 18w, https:\/\/migmatit.se\/wp-content\/uploads\/2025\/10\/Episode-23-Cover.jpg 1920w\" sizes=\"auto, (max-width: 1024px) 100vw, 1024px\" \/>\t\t\t\t\t<\/a>\n\t\t\t\t\t\t\t<\/div>\n\t\t\t\t\t\t<h4 class=\"uagb-post__title uagb-post__text\">\n\t\t\t\t<a href=\"https:\/\/migmatit.se\/en\/podcastepisode\/23\/\" target=\"_self\" rel=\"bookmark noopener noreferrer\">#23 What Gets Followed Up On, Gets Done<\/a>\n\t\t\t<\/h4>\n\t\t\t\t\t\t<div class='uagb-post__text uagb-post-grid-byline'>\n\t\t\t\t\t\t\t\t<time datetime=\"2025-10-08T15:20:04+02:00\" class=\"uagb-post__date\">\n\t\t\t\t<span class=\"dashicons-calendar dashicons\"><\/span>\t\t\t\t\t8 October 2025\t\t\t\t<\/time>\n\t\t\t\t\t\t\t<span class=\"uagb-post__comment\">\n\t\t\t\t<span class=\"dashicons-admin-comments dashicons\"><\/span>\t\t\t\t\tNo Comments\t\t\t\t<\/span>\n\t\t\t\t\t\t<\/div>\n\t\t\t\t\t\t\t<div class='uagb-post__text uagb-post__excerpt'>\n\t\t\t\t\tUppt\u00e4ck hur det du m\u00e4ter \u2013 och f\u00f6ljer upp \u2013 formar ditt ledarskap. L\u00e4r dig&#8230;\t\t\t\t<\/div>\n\t\t\t\t\t\t<div class=\"uagb-post__text uagb-post__cta wp-block-button\">\n\t\t\t\t<a class=\"wp-block-button__link uagb-text-link\" style=\"\" href=\"https:\/\/migmatit.se\/en\/podcastepisode\/23\/\" target=\"_self\" rel=\"bookmark noopener noreferrer\">Listen\/View<\/a>\n\t\t\t<\/div>\n\t\t\t\n\t\t\t\t\t\t\t\t\t<\/article>\n\t\t\t\t\t\t\t\t\t\t\t<\/div>\n\t\t\t<\/div><\/div>\n\n\n\n<div class=\"wp-block-uagb-container uagb-block-508fb985 alignfull uagb-is-root-container\"><div class=\"uagb-container-inner-blocks-wrap\">\n<div class=\"wp-block-uagb-advanced-heading uagb-block-3de5f968\"><h2 class=\"uagb-heading-text\">Here you\u2019ll find more inspiration on the topic.<\/h2><\/div>\n\n\n\n\t\t\t<div class=\"wp-block-uagb-post-grid uagb-post-grid  uagb-post__image-position-top uagb-post__image-enabled uagb-block-8e6058be     uagb-post__items uagb-post__columns-3 is-grid uagb-post__columns-tablet-2 uagb-post__columns-mobile-1 uagb-post__equal-height\" data-total=\"2\" style=\"\">\n\n\t\t\t\t\t\t\t\t\t\t\t\t<article class=\"uagb-post__inner-wrap\">\t\t\t\t\t\t\t\t<div class='uagb-post__image'>\n\t\t\t\t\t\t\t\t\t<a href=\"https:\/\/migmatit.se\/en\/darfor-laddar-daglig-reflektion-ditt-sjalvledarskap-varje-dag\/\" target=\"_self\" rel=\"bookmark noopener noreferrer\" class='uagb-image-ratio-inherit'><img loading=\"lazy\" decoding=\"async\" width=\"1024\" height=\"576\" src=\"https:\/\/migmatit.se\/wp-content\/uploads\/2025\/06\/Confidence-charger-1024x576.jpg\" class=\"attachment-large size-large\" alt=\"\" srcset=\"https:\/\/migmatit.se\/wp-content\/uploads\/2025\/06\/Confidence-charger-1024x576.jpg 1024w, https:\/\/migmatit.se\/wp-content\/uploads\/2025\/06\/Confidence-charger-300x169.jpg 300w, https:\/\/migmatit.se\/wp-content\/uploads\/2025\/06\/Confidence-charger-768x432.jpg 768w, https:\/\/migmatit.se\/wp-content\/uploads\/2025\/06\/Confidence-charger-18x10.jpg 18w, https:\/\/migmatit.se\/wp-content\/uploads\/2025\/06\/Confidence-charger.jpg 1200w\" sizes=\"auto, (max-width: 1024px) 100vw, 1024px\" \/>\t\t\t\t\t<\/a>\n\t\t\t\t\t\t\t<\/div>\n\t\t\t\t\t\t<h4 class=\"uagb-post__title uagb-post__text\">\n\t\t\t\t<a href=\"https:\/\/migmatit.se\/en\/darfor-laddar-daglig-reflektion-ditt-sjalvledarskap-varje-dag\/\" target=\"_self\" rel=\"bookmark noopener noreferrer\">Why daily reflection recharges your self-leadership \u2013 every single day<\/a>\n\t\t\t<\/h4>\n\t\t\t\t\t\t<div class='uagb-post__text uagb-post-grid-byline'>\n\t\t\t\t\t\t\t\t<time datetime=\"2025-06-25T08:53:35+02:00\" class=\"uagb-post__date\">\n\t\t\t\t<span class=\"dashicons-calendar dashicons\"><\/span>\t\t\t\t\t25 June 2025\t\t\t\t<\/time>\n\t\t\t\t\t\t\t<span class=\"uagb-post__comment\">\n\t\t\t\t<span class=\"dashicons-admin-comments dashicons\"><\/span>\t\t\t\t\tNo Comments\t\t\t\t<\/span>\n\t\t\t\t\t\t<\/div>\n\t\t\t\t\t\t\t<div class='uagb-post__text uagb-post__excerpt'>\n\t\t\t\t\tDaglig reflektion \u00e4r inte bara en vana \u2013 det \u00e4r din inre powerbank.\nN\u00e4r du stannar&#8230;\t\t\t\t<\/div>\n\t\t\t\t\t\t<div class=\"uagb-post__text uagb-post__cta wp-block-button\">\n\t\t\t\t<a class=\"wp-block-button__link uagb-text-link\" style=\"\" href=\"https:\/\/migmatit.se\/en\/darfor-laddar-daglig-reflektion-ditt-sjalvledarskap-varje-dag\/\" target=\"_self\" rel=\"bookmark noopener noreferrer\">Read More<\/a>\n\t\t\t<\/div>\n\t\t\t\n\t\t\t\t\t\t\t\t\t<\/article>\n\t\t\t\t\t\t\t\t\t\t\t\t\t\t\t\t<article class=\"uagb-post__inner-wrap\">\t\t\t\t\t\t\t\t<div class='uagb-post__image'>\n\t\t\t\t\t\t\t\t\t<a href=\"https:\/\/migmatit.se\/en\/fokus-handlar-inte-om-att-gora-mer-utan-om-att-rikta-din-energi-ratt\/\" target=\"_self\" rel=\"bookmark noopener noreferrer\" class='uagb-image-ratio-inherit'><img loading=\"lazy\" decoding=\"async\" width=\"1024\" height=\"576\" src=\"https:\/\/migmatit.se\/wp-content\/uploads\/2025\/06\/Focus-1024x576.jpg\" class=\"attachment-large size-large\" alt=\"\" srcset=\"https:\/\/migmatit.se\/wp-content\/uploads\/2025\/06\/Focus-1024x576.jpg 1024w, https:\/\/migmatit.se\/wp-content\/uploads\/2025\/06\/Focus-300x169.jpg 300w, https:\/\/migmatit.se\/wp-content\/uploads\/2025\/06\/Focus-768x432.jpg 768w, https:\/\/migmatit.se\/wp-content\/uploads\/2025\/06\/Focus-18x10.jpg 18w, https:\/\/migmatit.se\/wp-content\/uploads\/2025\/06\/Focus.jpg 1200w\" sizes=\"auto, (max-width: 1024px) 100vw, 1024px\" \/>\t\t\t\t\t<\/a>\n\t\t\t\t\t\t\t<\/div>\n\t\t\t\t\t\t<h4 class=\"uagb-post__title uagb-post__text\">\n\t\t\t\t<a href=\"https:\/\/migmatit.se\/en\/fokus-handlar-inte-om-att-gora-mer-utan-om-att-rikta-din-energi-ratt\/\" target=\"_self\" rel=\"bookmark noopener noreferrer\">Focus isn\u2019t about doing more \u2013 it\u2019s about directing your energy wisely.<\/a>\n\t\t\t<\/h4>\n\t\t\t\t\t\t<div class='uagb-post__text uagb-post-grid-byline'>\n\t\t\t\t\t\t\t\t<time datetime=\"2025-06-11T06:38:00+02:00\" class=\"uagb-post__date\">\n\t\t\t\t<span class=\"dashicons-calendar dashicons\"><\/span>\t\t\t\t\t11 June 2025\t\t\t\t<\/time>\n\t\t\t\t\t\t\t<span class=\"uagb-post__comment\">\n\t\t\t\t<span class=\"dashicons-admin-comments dashicons\"><\/span>\t\t\t\t\tNo Comments\t\t\t\t<\/span>\n\t\t\t\t\t\t<\/div>\n\t\t\t\t\t\t\t<div class='uagb-post__text uagb-post__excerpt'>\n\t\t\t\t\tI en v\u00e4rld som st\u00e4ndigt kr\u00e4ver din uppm\u00e4rksamhet kan det k\u00e4nnas som att fokus \u00e4r&#8230;\t\t\t\t<\/div>\n\t\t\t\t\t\t<div class=\"uagb-post__text uagb-post__cta wp-block-button\">\n\t\t\t\t<a class=\"wp-block-button__link uagb-text-link\" style=\"\" href=\"https:\/\/migmatit.se\/en\/fokus-handlar-inte-om-att-gora-mer-utan-om-att-rikta-din-energi-ratt\/\" target=\"_self\" rel=\"bookmark noopener noreferrer\">Read More<\/a>\n\t\t\t<\/div>\n\t\t\t\n\t\t\t\t\t\t\t\t\t<\/article>\n\t\t\t\t\t\t\t\t\t\t\t\t\t\t\t\t<article class=\"uagb-post__inner-wrap\">\t\t\t\t\t\t\t\t<div class='uagb-post__image'>\n\t\t\t\t\t\t\t\t\t<a href=\"https:\/\/migmatit.se\/en\/nar-hallbarhet-blev-min-livlina-ledarskap-som-haller\/\" target=\"_self\" rel=\"bookmark noopener noreferrer\" class='uagb-image-ratio-inherit'><img loading=\"lazy\" decoding=\"async\" width=\"1024\" height=\"576\" src=\"https:\/\/migmatit.se\/wp-content\/uploads\/2025\/06\/Nurture-1024x576.jpg\" class=\"attachment-large size-large\" alt=\"\" srcset=\"https:\/\/migmatit.se\/wp-content\/uploads\/2025\/06\/Nurture-1024x576.jpg 1024w, https:\/\/migmatit.se\/wp-content\/uploads\/2025\/06\/Nurture-300x169.jpg 300w, https:\/\/migmatit.se\/wp-content\/uploads\/2025\/06\/Nurture-768x432.jpg 768w, https:\/\/migmatit.se\/wp-content\/uploads\/2025\/06\/Nurture-18x10.jpg 18w, https:\/\/migmatit.se\/wp-content\/uploads\/2025\/06\/Nurture.jpg 1200w\" sizes=\"auto, (max-width: 1024px) 100vw, 1024px\" \/>\t\t\t\t\t<\/a>\n\t\t\t\t\t\t\t<\/div>\n\t\t\t\t\t\t<h4 class=\"uagb-post__title uagb-post__text\">\n\t\t\t\t<a href=\"https:\/\/migmatit.se\/en\/nar-hallbarhet-blev-min-livlina-ledarskap-som-haller\/\" target=\"_self\" rel=\"bookmark noopener noreferrer\">When the teeter broke - and I realised what sustainable leadership really means<\/a>\n\t\t\t<\/h4>\n\t\t\t\t\t\t<div class='uagb-post__text uagb-post-grid-byline'>\n\t\t\t\t\t\t\t\t<time datetime=\"2025-06-04T06:00:00+02:00\" class=\"uagb-post__date\">\n\t\t\t\t<span class=\"dashicons-calendar dashicons\"><\/span>\t\t\t\t\t4 June 2025\t\t\t\t<\/time>\n\t\t\t\t\t\t\t<span class=\"uagb-post__comment\">\n\t\t\t\t<span class=\"dashicons-admin-comments dashicons\"><\/span>\t\t\t\t\tNo Comments\t\t\t\t<\/span>\n\t\t\t\t\t\t<\/div>\n\t\t\t\t\t\t\t<div class='uagb-post__text uagb-post__excerpt'>\n\t\t\t\t\tWhat happens when we stop holding it all together at any cost \u2013 and start taking care of ourselves instead?\u2026\t\t\t\t<\/div>\n\t\t\t\t\t\t<div class=\"uagb-post__text uagb-post__cta wp-block-button\">\n\t\t\t\t<a class=\"wp-block-button__link uagb-text-link\" style=\"\" href=\"https:\/\/migmatit.se\/en\/nar-hallbarhet-blev-min-livlina-ledarskap-som-haller\/\" target=\"_self\" rel=\"bookmark noopener noreferrer\">Read More<\/a>\n\t\t\t<\/div>\n\t\t\t\n\t\t\t\t\t\t\t\t\t<\/article>\n\t\t\t\t\t\t\t\t\t\t\t<\/div>\n\t\t\t<\/div><\/div>","protected":false},"excerpt":{"rendered":"<p>Registrera dig h\u00e4r f\u00f6r att f\u00e5 verktyg f\u00f6r att skapa en h\u00e5llbar och effektfull reflektionstid &#8211; helt gratis Lyssna p\u00e5 poddavsnitt som talar mer kring \u00e4mnet H\u00e4r finns mer inspiration kring \u00e4mnet<\/p>","protected":false},"author":1,"featured_media":2851,"parent":0,"menu_order":0,"comment_status":"closed","ping_status":"closed","template":"","meta":{"_uag_custom_page_level_css":"","site-sidebar-layout":"default","site-content-layout":"","ast-site-content-layout":"","site-content-style":"default","site-sidebar-style":"default","ast-global-header-display":"","ast-banner-title-visibility":"","ast-main-header-display":"","ast-hfb-above-header-display":"","ast-hfb-below-header-display":"","ast-hfb-mobile-header-display":"","site-post-title":"disabled","ast-breadcrumbs-content":"","ast-featured-img":"","footer-sml-layout":"","theme-transparent-header-meta":"","adv-header-id-meta":"","stick-header-meta":"","header-above-stick-meta":"","header-main-stick-meta":"","header-below-stick-meta":"","astra-migrate-meta-layouts":"default","ast-page-background-enabled":"default","ast-page-background-meta":{"desktop":{"background-color":"var(--ast-global-color-4)","background-image":"","background-repeat":"repeat","background-position":"center center","background-size":"auto","background-attachment":"scroll","background-type":"","background-media":"","overlay-type":"","overlay-color":"","overlay-opacity":"","overlay-gradient":""},"tablet":{"background-color":"","background-image":"","background-repeat":"repeat","background-position":"center center","background-size":"auto","background-attachment":"scroll","background-type":"","background-media":"","overlay-type":"","overlay-color":"","overlay-opacity":"","overlay-gradient":""},"mobile":{"background-color":"","background-image":"","background-repeat":"repeat","background-position":"center center","background-size":"auto","background-attachment":"scroll","background-type":"","background-media":"","overlay-type":"","overlay-color":"","overlay-opacity":"","overlay-gradient":""}},"ast-content-background-meta":{"desktop":{"background-color":"var(--ast-global-color-5)","background-image":"","background-repeat":"repeat","background-position":"center center","background-size":"auto","background-attachment":"scroll","background-type":"","background-media":"","overlay-type":"","overlay-color":"","overlay-opacity":"","overlay-gradient":""},"tablet":{"background-color":"var(--ast-global-color-5)","background-image":"","background-repeat":"repeat","background-position":"center center","background-size":"auto","background-attachment":"scroll","background-type":"","background-media":"","overlay-type":"","overlay-color":"","overlay-opacity":"","overlay-gradient":""},"mobile":{"background-color":"var(--ast-global-color-5)","background-image":"","background-repeat":"repeat","background-position":"center center","background-size":"auto","background-attachment":"scroll","background-type":"","background-media":"","overlay-type":"","overlay-color":"","overlay-opacity":"","overlay-gradient":""}},"footnotes":""},"class_list":["post-2845","page","type-page","status-publish","has-post-thumbnail","hentry"],"uagb_featured_image_src":{"full":["https:\/\/migmatit.se\/wp-content\/uploads\/2025\/06\/Confidence-charger.png",1472,832,false],"thumbnail":["https:\/\/migmatit.se\/wp-content\/uploads\/2025\/06\/Confidence-charger-150x150.png",150,150,true],"medium":["https:\/\/migmatit.se\/wp-content\/uploads\/2025\/06\/Confidence-charger-300x170.png",300,170,true],"medium_large":["https:\/\/migmatit.se\/wp-content\/uploads\/2025\/06\/Confidence-charger-768x434.png",768,434,true],"large":["https:\/\/migmatit.se\/wp-content\/uploads\/2025\/06\/Confidence-charger-1024x579.png",1024,579,true],"1536x1536":["https:\/\/migmatit.se\/wp-content\/uploads\/2025\/06\/Confidence-charger.png",1472,832,false],"2048x2048":["https:\/\/migmatit.se\/wp-content\/uploads\/2025\/06\/Confidence-charger.png",1472,832,false],"trp-custom-language-flag":["https:\/\/migmatit.se\/wp-content\/uploads\/2025\/06\/Confidence-charger-18x10.png",18,10,true]},"uagb_author_info":{"display_name":"Hanna Zaxmy","author_link":"https:\/\/migmatit.se\/en\/author\/hanna_local\/"},"uagb_comment_info":0,"uagb_excerpt":"Registrera dig h\u00e4r f\u00f6r att f\u00e5 verktyg f\u00f6r att skapa en h\u00e5llbar och effektfull reflektionstid &#8211; helt gratis Lyssna p\u00e5 poddavsnitt som talar mer kring \u00e4mnet H\u00e4r finns mer inspiration kring \u00e4mnet","_links":{"self":[{"href":"https:\/\/migmatit.se\/en\/wp-json\/wp\/v2\/pages\/2845","targetHints":{"allow":["GET"]}}],"collection":[{"href":"https:\/\/migmatit.se\/en\/wp-json\/wp\/v2\/pages"}],"about":[{"href":"https:\/\/migmatit.se\/en\/wp-json\/wp\/v2\/types\/page"}],"author":[{"embeddable":true,"href":"https:\/\/migmatit.se\/en\/wp-json\/wp\/v2\/users\/1"}],"replies":[{"embeddable":true,"href":"https:\/\/migmatit.se\/en\/wp-json\/wp\/v2\/comments?post=2845"}],"version-history":[{"count":6,"href":"https:\/\/migmatit.se\/en\/wp-json\/wp\/v2\/pages\/2845\/revisions"}],"predecessor-version":[{"id":2856,"href":"https:\/\/migmatit.se\/en\/wp-json\/wp\/v2\/pages\/2845\/revisions\/2856"}],"wp:featuredmedia":[{"embeddable":true,"href":"https:\/\/migmatit.se\/en\/wp-json\/wp\/v2\/media\/2851"}],"wp:attachment":[{"href":"https:\/\/migmatit.se\/en\/wp-json\/wp\/v2\/media?parent=2845"}],"curies":[{"name":"wp","href":"https:\/\/api.w.org\/{rel}","templated":true}]}}