{"id":2668,"date":"2025-07-14T15:26:39","date_gmt":"2025-07-14T13:26:39","guid":{"rendered":"https:\/\/migmatit.se\/?page_id=2668"},"modified":"2025-07-14T15:26:39","modified_gmt":"2025-07-14T13:26:39","slug":"clarity-workbook-freebie","status":"publish","type":"page","link":"https:\/\/migmatit.se\/en\/clarity-workbook-freebie\/","title":{"rendered":"Clarity Workbook Freebie"},"content":{"rendered":"<div class=\"wp-block-uagb-container uagb-block-85397a45 alignfull uagb-is-root-container\"><div class=\"uagb-container-inner-blocks-wrap\">\n<div class=\"wp-block-uagb-container uagb-block-6f3525c0\"><\/div>\n\n\n\n<div class=\"wp-block-uagb-container uagb-block-35ad06a0\">\n<div class=\"wp-block-uagb-advanced-heading uagb-block-f16829d3\"><h2 class=\"uagb-heading-text\">Register here to receive Clarity Workbook - for free<\/h2><\/div>\n\n\n\n\n\n<iframe\n  src=\"https:\/\/links.somba.io\/widget\/form\/qmcTtHEUGVUw4DiSPsUg\"\n  style=\"width:100%;height:100%;border:none;border-radius:4px\"\n  id=\"inline-qmcTtHEUGVUw4DiSPsUg\" \n  data-layout=\"{'id':'INLINE'}\"\n  data-trigger-type=\"alwaysShow\"\n  data-trigger-value=\"\"\n  data-activation-type=\"alwaysActivated\"\n  data-activation-value=\"\"\n  data-deactivation-type=\"neverDeactivate\"\n  data-deactivation-value=\"\"\n  data-form-name=\"ClarityWorkbookFreebie_EN\"\n  data-height=\"542\"\n  data-layout-iframe-id=\"inline-qmcTtHEUGVUw4DiSPsUg\"\n  data-form-id=\"qmcTtHEUGVUw4DiSPsUg\"\n  title=\"ClarityWorkbookFreebie_EN\"\n      >\n<\/iframe>\n<script src=\"https:\/\/links.somba.io\/js\/form_embed.js\"><\/script>\n<\/div>\n<\/div><\/div>\n\n\n\n<div class=\"wp-block-uagb-container uagb-block-3bfd15b4 alignfull uagb-is-root-container\"><div class=\"uagb-container-inner-blocks-wrap\">\n<div class=\"wp-block-uagb-advanced-heading uagb-block-8be36d42\"><h2 class=\"uagb-heading-text\">Here you\u2019ll find more inspiration on the topic.<\/h2><\/div>\n\n\n\n\t\t\t<div class=\"wp-block-uagb-post-grid uagb-post-grid  uagb-post__image-position-top uagb-post__image-enabled uagb-block-67d0222c     uagb-post__items uagb-post__columns-3 is-grid uagb-post__columns-tablet-2 uagb-post__columns-mobile-1 uagb-post__equal-height\" data-total=\"3\" style=\"\">\n\n\t\t\t\t\t\t\t\t\t\t\t\t<article class=\"uagb-post__inner-wrap\">\t\t\t\t\t\t\t\t<div class='uagb-post__image'>\n\t\t\t\t\t\t\t\t\t<a href=\"https:\/\/migmatit.se\/en\/accountability-partner\/\" target=\"_self\" rel=\"bookmark noopener noreferrer\" class='uagb-image-ratio-inherit'><img loading=\"lazy\" decoding=\"async\" width=\"640\" height=\"360\" src=\"https:\/\/migmatit.se\/wp-content\/uploads\/2026\/01\/Coffee.jpg\" class=\"attachment-large size-large\" alt=\"\" srcset=\"https:\/\/migmatit.se\/wp-content\/uploads\/2026\/01\/Coffee.jpg 640w, https:\/\/migmatit.se\/wp-content\/uploads\/2026\/01\/Coffee-300x169.jpg 300w, https:\/\/migmatit.se\/wp-content\/uploads\/2026\/01\/Coffee-18x10.jpg 18w\" sizes=\"auto, (max-width: 640px) 100vw, 640px\" \/>\t\t\t\t\t<\/a>\n\t\t\t\t\t\t\t<\/div>\n\t\t\t\t\t\t<h4 class=\"uagb-post__title uagb-post__text\">\n\t\t\t\t<a href=\"https:\/\/migmatit.se\/en\/accountability-partner\/\" target=\"_self\" rel=\"bookmark noopener noreferrer\">Are you here \u2013 where you want to be, or are you on your way?<\/a>\n\t\t\t<\/h4>\n\t\t\t\t\t\t<div class='uagb-post__text uagb-post-grid-byline'>\n\t\t\t\t\t\t\t\t<time datetime=\"2026-01-14T16:41:05+01:00\" class=\"uagb-post__date\">\n\t\t\t\t<span class=\"dashicons-calendar dashicons\"><\/span>\t\t\t\t\t14 January 2026\t\t\t\t<\/time>\n\t\t\t\t\t\t\t<span class=\"uagb-post__comment\">\n\t\t\t\t<span class=\"dashicons-admin-comments dashicons\"><\/span>\t\t\t\t\tNo Comments\t\t\t\t<\/span>\n\t\t\t\t\t\t<\/div>\n\t\t\t\t\t\t\t<div class='uagb-post__text uagb-post__excerpt'>\n\t\t\t\t\t<p>S\u00e5 skapar du vanor som faktiskt h\u00e5ller Nu s\u00e4ger jag Gott nytt \u00e5r igen.Inte f\u00f6r&#8230;\t\t\t\t<\/div>\n\t\t\t\t\t\t<div class=\"uagb-post__text uagb-post__cta wp-block-button\">\n\t\t\t\t<a class=\"wp-block-button__link uagb-text-link\" style=\"\" href=\"https:\/\/migmatit.se\/en\/accountability-partner\/\" target=\"_self\" rel=\"bookmark noopener noreferrer\">Read More<\/a>\n\t\t\t<\/div>\n\t\t\t\n\t\t\t\t\t\t\t\t\t<\/article>\n\t\t\t\t\t\t\t\t\t\t\t\t\t\t\t\t<article class=\"uagb-post__inner-wrap\">\t\t\t\t\t\t\t\t<div class='uagb-post__image'>\n\t\t\t\t\t\t\t\t\t<a href=\"https:\/\/migmatit.se\/en\/darfor-laddar-daglig-reflektion-ditt-sjalvledarskap-varje-dag\/\" target=\"_self\" rel=\"bookmark noopener noreferrer\" class='uagb-image-ratio-inherit'><img loading=\"lazy\" decoding=\"async\" width=\"1024\" height=\"576\" src=\"https:\/\/migmatit.se\/wp-content\/uploads\/2025\/06\/Confidence-charger-1024x576.jpg\" class=\"attachment-large size-large\" alt=\"\" srcset=\"https:\/\/migmatit.se\/wp-content\/uploads\/2025\/06\/Confidence-charger-1024x576.jpg 1024w, https:\/\/migmatit.se\/wp-content\/uploads\/2025\/06\/Confidence-charger-300x169.jpg 300w, https:\/\/migmatit.se\/wp-content\/uploads\/2025\/06\/Confidence-charger-768x432.jpg 768w, https:\/\/migmatit.se\/wp-content\/uploads\/2025\/06\/Confidence-charger-18x10.jpg 18w, https:\/\/migmatit.se\/wp-content\/uploads\/2025\/06\/Confidence-charger.jpg 1200w\" sizes=\"auto, (max-width: 1024px) 100vw, 1024px\" \/>\t\t\t\t\t<\/a>\n\t\t\t\t\t\t\t<\/div>\n\t\t\t\t\t\t<h4 class=\"uagb-post__title uagb-post__text\">\n\t\t\t\t<a href=\"https:\/\/migmatit.se\/en\/darfor-laddar-daglig-reflektion-ditt-sjalvledarskap-varje-dag\/\" target=\"_self\" rel=\"bookmark noopener noreferrer\">Why daily reflection recharges your self-leadership \u2013 every single day<\/a>\n\t\t\t<\/h4>\n\t\t\t\t\t\t<div class='uagb-post__text uagb-post-grid-byline'>\n\t\t\t\t\t\t\t\t<time datetime=\"2025-06-25T08:53:35+02:00\" class=\"uagb-post__date\">\n\t\t\t\t<span class=\"dashicons-calendar dashicons\"><\/span>\t\t\t\t\t25 June 2025\t\t\t\t<\/time>\n\t\t\t\t\t\t\t<span class=\"uagb-post__comment\">\n\t\t\t\t<span class=\"dashicons-admin-comments dashicons\"><\/span>\t\t\t\t\tNo Comments\t\t\t\t<\/span>\n\t\t\t\t\t\t<\/div>\n\t\t\t\t\t\t\t<div class='uagb-post__text uagb-post__excerpt'>\n\t\t\t\t\tDaglig reflektion \u00e4r inte bara en vana \u2013 det \u00e4r din inre powerbank.\nN\u00e4r du stannar&#8230;\t\t\t\t<\/div>\n\t\t\t\t\t\t<div class=\"uagb-post__text uagb-post__cta wp-block-button\">\n\t\t\t\t<a class=\"wp-block-button__link uagb-text-link\" style=\"\" href=\"https:\/\/migmatit.se\/en\/darfor-laddar-daglig-reflektion-ditt-sjalvledarskap-varje-dag\/\" target=\"_self\" rel=\"bookmark noopener noreferrer\">Read More<\/a>\n\t\t\t<\/div>\n\t\t\t\n\t\t\t\t\t\t\t\t\t<\/article>\n\t\t\t\t\t\t\t\t\t\t\t\t\t\t\t\t<article class=\"uagb-post__inner-wrap\">\t\t\t\t\t\t\t\t<div class='uagb-post__image'>\n\t\t\t\t\t\t\t\t\t<a href=\"https:\/\/migmatit.se\/en\/agandeskap-betyder-inte-att-du-ska-gora-allt-sjalv\/\" target=\"_self\" rel=\"bookmark noopener noreferrer\" class='uagb-image-ratio-inherit'><img loading=\"lazy\" decoding=\"async\" width=\"1024\" height=\"576\" src=\"https:\/\/migmatit.se\/wp-content\/uploads\/2025\/05\/Ownership-1024x576.jpg\" class=\"attachment-large size-large\" alt=\"\" srcset=\"https:\/\/migmatit.se\/wp-content\/uploads\/2025\/05\/Ownership-1024x576.jpg 1024w, https:\/\/migmatit.se\/wp-content\/uploads\/2025\/05\/Ownership-300x169.jpg 300w, https:\/\/migmatit.se\/wp-content\/uploads\/2025\/05\/Ownership-768x432.jpg 768w, https:\/\/migmatit.se\/wp-content\/uploads\/2025\/05\/Ownership-18x10.jpg 18w, https:\/\/migmatit.se\/wp-content\/uploads\/2025\/05\/Ownership.jpg 1200w\" sizes=\"auto, (max-width: 1024px) 100vw, 1024px\" \/>\t\t\t\t\t<\/a>\n\t\t\t\t\t\t\t<\/div>\n\t\t\t\t\t\t<h4 class=\"uagb-post__title uagb-post__text\">\n\t\t\t\t<a href=\"https:\/\/migmatit.se\/en\/agandeskap-betyder-inte-att-du-ska-gora-allt-sjalv\/\" target=\"_self\" rel=\"bookmark noopener noreferrer\">Ownership Doesn\u2019t Mean You Have to Do It All Yourself<\/a>\n\t\t\t<\/h4>\n\t\t\t\t\t\t<div class='uagb-post__text uagb-post-grid-byline'>\n\t\t\t\t\t\t\t\t<time datetime=\"2025-05-28T06:58:00+02:00\" class=\"uagb-post__date\">\n\t\t\t\t<span class=\"dashicons-calendar dashicons\"><\/span>\t\t\t\t\t28 May 2025\t\t\t\t<\/time>\n\t\t\t\t\t\t\t<span class=\"uagb-post__comment\">\n\t\t\t\t<span class=\"dashicons-admin-comments dashicons\"><\/span>\t\t\t\t\tNo Comments\t\t\t\t<\/span>\n\t\t\t\t\t\t<\/div>\n\t\t\t\t\t\t\t<div class='uagb-post__text uagb-post__excerpt'>\n\t\t\t\t\t<p>\u201cWho can volunteer as class parent this year?\u201d Your whole body tenses. You know\u2026\t\t\t\t<\/div>\n\t\t\t\t\t\t<div class=\"uagb-post__text uagb-post__cta wp-block-button\">\n\t\t\t\t<a class=\"wp-block-button__link uagb-text-link\" style=\"\" href=\"https:\/\/migmatit.se\/en\/agandeskap-betyder-inte-att-du-ska-gora-allt-sjalv\/\" target=\"_self\" rel=\"bookmark noopener noreferrer\">Read More<\/a>\n\t\t\t<\/div>\n\t\t\t\n\t\t\t\t\t\t\t\t\t<\/article>\n\t\t\t\t\t\t\t\t\t\t\t<\/div>\n\t\t\t<\/div><\/div>\n\n\n\n<p><\/p>","protected":false},"excerpt":{"rendered":"<p>Registrera dig h\u00e4r f\u00f6r att f\u00e5 Clarity Workbook &#8211; helt gratis H\u00e4r finns mer inspiration kring \u00e4mnet<\/p>","protected":false},"author":1,"featured_media":2660,"parent":0,"menu_order":0,"comment_status":"closed","ping_status":"closed","template":"","meta":{"_uag_custom_page_level_css":"","site-sidebar-layout":"default","site-content-layout":"","ast-site-content-layout":"","site-content-style":"default","site-sidebar-style":"default","ast-global-header-display":"","ast-banner-title-visibility":"","ast-main-header-display":"","ast-hfb-above-header-display":"","ast-hfb-below-header-display":"","ast-hfb-mobile-header-display":"","site-post-title":"disabled","ast-breadcrumbs-content":"","ast-featured-img":"","footer-sml-layout":"","theme-transparent-header-meta":"","adv-header-id-meta":"","stick-header-meta":"","header-above-stick-meta":"","header-main-stick-meta":"","header-below-stick-meta":"","astra-migrate-meta-layouts":"default","ast-page-background-enabled":"default","ast-page-background-meta":{"desktop":{"background-color":"var(--ast-global-color-4)","background-image":"","background-repeat":"repeat","background-position":"center center","background-size":"auto","background-attachment":"scroll","background-type":"","background-media":"","overlay-type":"","overlay-color":"","overlay-opacity":"","overlay-gradient":""},"tablet":{"background-color":"","background-image":"","background-repeat":"repeat","background-position":"center center","background-size":"auto","background-attachment":"scroll","background-type":"","background-media":"","overlay-type":"","overlay-color":"","overlay-opacity":"","overlay-gradient":""},"mobile":{"background-color":"","background-image":"","background-repeat":"repeat","background-position":"center center","background-size":"auto","background-attachment":"scroll","background-type":"","background-media":"","overlay-type":"","overlay-color":"","overlay-opacity":"","overlay-gradient":""}},"ast-content-background-meta":{"desktop":{"background-color":"var(--ast-global-color-5)","background-image":"","background-repeat":"repeat","background-position":"center center","background-size":"auto","background-attachment":"scroll","background-type":"","background-media":"","overlay-type":"","overlay-color":"","overlay-opacity":"","overlay-gradient":""},"tablet":{"background-color":"var(--ast-global-color-5)","background-image":"","background-repeat":"repeat","background-position":"center center","background-size":"auto","background-attachment":"scroll","background-type":"","background-media":"","overlay-type":"","overlay-color":"","overlay-opacity":"","overlay-gradient":""},"mobile":{"background-color":"var(--ast-global-color-5)","background-image":"","background-repeat":"repeat","background-position":"center center","background-size":"auto","background-attachment":"scroll","background-type":"","background-media":"","overlay-type":"","overlay-color":"","overlay-opacity":"","overlay-gradient":""}},"footnotes":""},"class_list":["post-2668","page","type-page","status-publish","has-post-thumbnail","hentry"],"uagb_featured_image_src":{"full":["https:\/\/migmatit.se\/wp-content\/uploads\/2025\/05\/Workbook-podcast.jpg",1920,1080,false],"thumbnail":["https:\/\/migmatit.se\/wp-content\/uploads\/2025\/05\/Workbook-podcast-150x150.jpg",150,150,true],"medium":["https:\/\/migmatit.se\/wp-content\/uploads\/2025\/05\/Workbook-podcast-300x169.jpg",300,169,true],"medium_large":["https:\/\/migmatit.se\/wp-content\/uploads\/2025\/05\/Workbook-podcast-768x432.jpg",768,432,true],"large":["https:\/\/migmatit.se\/wp-content\/uploads\/2025\/05\/Workbook-podcast-1024x576.jpg",1024,576,true],"1536x1536":["https:\/\/migmatit.se\/wp-content\/uploads\/2025\/05\/Workbook-podcast-1536x864.jpg",1536,864,true],"2048x2048":["https:\/\/migmatit.se\/wp-content\/uploads\/2025\/05\/Workbook-podcast.jpg",1920,1080,false],"trp-custom-language-flag":["https:\/\/migmatit.se\/wp-content\/uploads\/2025\/05\/Workbook-podcast-18x10.jpg",18,10,true]},"uagb_author_info":{"display_name":"Hanna Zaxmy","author_link":"https:\/\/migmatit.se\/en\/author\/hanna_local\/"},"uagb_comment_info":0,"uagb_excerpt":"Registrera dig h\u00e4r f\u00f6r att f\u00e5 Clarity Workbook &#8211; helt gratis H\u00e4r finns mer inspiration kring \u00e4mnet","_links":{"self":[{"href":"https:\/\/migmatit.se\/en\/wp-json\/wp\/v2\/pages\/2668","targetHints":{"allow":["GET"]}}],"collection":[{"href":"https:\/\/migmatit.se\/en\/wp-json\/wp\/v2\/pages"}],"about":[{"href":"https:\/\/migmatit.se\/en\/wp-json\/wp\/v2\/types\/page"}],"author":[{"embeddable":true,"href":"https:\/\/migmatit.se\/en\/wp-json\/wp\/v2\/users\/1"}],"replies":[{"embeddable":true,"href":"https:\/\/migmatit.se\/en\/wp-json\/wp\/v2\/comments?post=2668"}],"version-history":[{"count":9,"href":"https:\/\/migmatit.se\/en\/wp-json\/wp\/v2\/pages\/2668\/revisions"}],"predecessor-version":[{"id":2690,"href":"https:\/\/migmatit.se\/en\/wp-json\/wp\/v2\/pages\/2668\/revisions\/2690"}],"wp:featuredmedia":[{"embeddable":true,"href":"https:\/\/migmatit.se\/en\/wp-json\/wp\/v2\/media\/2660"}],"wp:attachment":[{"href":"https:\/\/migmatit.se\/en\/wp-json\/wp\/v2\/media?parent=2668"}],"curies":[{"name":"wp","href":"https:\/\/api.w.org\/{rel}","templated":true}]}}