{"id":2521,"date":"2026-01-15T14:58:50","date_gmt":"2026-01-15T13:58:50","guid":{"rendered":"https:\/\/migmatit.se\/contact-2\/"},"modified":"2026-01-15T14:58:50","modified_gmt":"2026-01-15T13:58:50","slug":"contact-2","status":"publish","type":"page","link":"https:\/\/migmatit.se\/en\/contact-2\/","title":{"rendered":"Contact"},"content":{"rendered":"<div class=\"wp-block-uagb-container uagb-block-65a8e191 alignfull uagb-is-root-container\"><div class=\"uagb-container-inner-blocks-wrap\">\n<div class=\"wp-block-uagb-info-box uagb-block-e42f1764 uagb-infobox__content-wrap  uagb-infobox-icon-above-title uagb-infobox-image-valign-top\"><div class=\"uagb-ifb-content\"><div class=\"uagb-ifb-title-wrap\"><h1 class=\"uagb-ifb-title-prefix\">Connect with Hanna Zaxmy<\/h1><p class=\"uagb-ifb-title\">I'm looking forward to talk to you! <br>Do not hesitate to reach out with your questions or requests.<\/p><\/div><\/div><\/div>\n<\/div><\/div>\n\n\n\n<div class=\"wp-block-uagb-container uagb-block-672ea28d alignfull uagb-is-root-container\"><div class=\"uagb-container-inner-blocks-wrap\">\n<div class=\"wp-block-uagb-container uagb-block-91847332\">\n<div class=\"wp-block-uagb-info-box uagb-block-b13d0970 uagb-infobox__content-wrap  uagb-infobox-icon-above-title uagb-infobox-image-valign-top\"><div class=\"uagb-ifb-content\"><div class=\"uagb-ifb-title-wrap\"><span class=\"uagb-ifb-title-prefix\">Fill out the form to get in touch with me.<br><br>Or send me an e-mail to:<\/span><p class=\"uagb-ifb-title\"><a href=\"mailto:kontakt@migmatit.se\">kontakt@migmatit.se<\/a><br>Ring +46 (0)705 45 99 65<\/p><\/div><\/div><\/div>\n\n\n\n<div class=\"wp-block-uagb-advanced-heading uagb-block-a70f529b\"><p class=\"uagb-heading-text\">Kontoret \u00e4r placerat i Sk\u00f6vde. V\u00e5ra klienter finns runt om i Sverige och online.<\/p><\/div>\n\n\n\n<div class=\"wp-block-uagb-icon-list uagb-block-8ddb4cc6\"><div class=\"uagb-icon-list__wrap\">\n<div class=\"wp-block-uagb-icon-list-child uagb-block-31534765\"><a target=\"_blank\" aria-label=\"List item\" rel=\"noopener noreferrer\" href=\"https:\/\/www.facebook.com\/migmatitab\/\"> <\/a><span class=\"uagb-icon-list__source-wrap\"><svg xmlns=\"https:\/\/www.w3.org\/2000\/svg\" viewbox=\"0 0 512 512\"><path d=\"M504 256C504 119 393 8 256 8S8 119 8 256c0 123.8 90.69 226.4 209.3 245V327.7h-63V256h63v-54.64c0-62.15 37-96.48 93.67-96.48 27.14 0 55.52 4.84 55.52 4.84v61h-31.28c-30.8 0-40.41 19.12-40.41 38.73V256h68.78l-11 71.69h-57.78V501C413.3 482.4 504 379.8 504 256z\"><\/path><\/svg><\/span><\/div>\n\n\n\n<div class=\"wp-block-uagb-icon-list-child uagb-block-8c9ec528\"><a target=\"_blank\" aria-label=\"List item\" rel=\"noopener noreferrer\" href=\"https:\/\/www.instagram.com\/hanna.zaxmy\/\"> <\/a><span class=\"uagb-icon-list__source-wrap\"><svg xmlns=\"https:\/\/www.w3.org\/2000\/svg\" viewbox=\"0 0 448 512\"><path d=\"M224.1 141c-63.6 0-114.9 51.3-114.9 114.9s51.3 114.9 114.9 114.9S339 319.5 339 255.9 287.7 141 224.1 141zm0 189.6c-41.1 0-74.7-33.5-74.7-74.7s33.5-74.7 74.7-74.7 74.7 33.5 74.7 74.7-33.6 74.7-74.7 74.7zm146.4-194.3c0 14.9-12 26.8-26.8 26.8-14.9 0-26.8-12-26.8-26.8s12-26.8 26.8-26.8 26.8 12 26.8 26.8zm76.1 27.2c-1.7-35.9-9.9-67.7-36.2-93.9-26.2-26.2-58-34.4-93.9-36.2-37-2.1-147.9-2.1-184.9 0-35.8 1.7-67.6 9.9-93.9 36.1s-34.4 58-36.2 93.9c-2.1 37-2.1 147.9 0 184.9 1.7 35.9 9.9 67.7 36.2 93.9s58 34.4 93.9 36.2c37 2.1 147.9 2.1 184.9 0 35.9-1.7 67.7-9.9 93.9-36.2 26.2-26.2 34.4-58 36.2-93.9 2.1-37 2.1-147.8 0-184.8zM398.8 388c-7.8 19.6-22.9 34.7-42.6 42.6-29.5 11.7-99.5 9-132.1 9s-102.7 2.6-132.1-9c-19.6-7.8-34.7-22.9-42.6-42.6-11.7-29.5-9-99.5-9-132.1s-2.6-102.7 9-132.1c7.8-19.6 22.9-34.7 42.6-42.6 29.5-11.7 99.5-9 132.1-9s102.7-2.6 132.1 9c19.6 7.8 34.7 22.9 42.6 42.6 11.7 29.5 9 99.5 9 132.1s2.7 102.7-9 132.1z\"><\/path><\/svg><\/span><\/div>\n\n\n\n<div class=\"wp-block-uagb-icon-list-child uagb-block-8c179abd\"><a target=\"_blank\" aria-label=\"List item\" rel=\"noopener noreferrer\" href=\"https:\/\/www.youtube.com\/@Migmatit\"> <\/a><span class=\"uagb-icon-list__source-wrap\"><svg xmlns=\"https:\/\/www.w3.org\/2000\/svg\" viewbox=\"0 0 576 512\"><path d=\"M549.7 124.1c-6.281-23.65-24.79-42.28-48.28-48.6C458.8 64 288 64 288 64S117.2 64 74.63 75.49c-23.5 6.322-42 24.95-48.28 48.6-11.41 42.87-11.41 132.3-11.41 132.3s0 89.44 11.41 132.3c6.281 23.65 24.79 41.5 48.28 47.82C117.2 448 288 448 288 448s170.8 0 213.4-11.49c23.5-6.321 42-24.17 48.28-47.82 11.41-42.87 11.41-132.3 11.41-132.3s0-89.44-11.41-132.3zm-317.5 213.5V175.2l142.7 81.21-142.7 81.2z\"><\/path><\/svg><\/span><\/div>\n<\/div><\/div>\n\n\n\n<iframe\n  src=\"https:\/\/links.somba.io\/widget\/form\/uRxxePFCvzatn8p6eq1V\"\n  style=\"width:100%;height:100%;border:none;border-radius:0px\"\n  id=\"inline-uRxxePFCvzatn8p6eq1V\" \n  data-layout=\"{'id':'INLINE'}\"\n  data-trigger-type=\"alwaysShow\"\n  data-trigger-value=\"\"\n  data-activation-type=\"alwaysActivated\"\n  data-activation-value=\"\"\n  data-deactivation-type=\"neverDeactivate\"\n  data-deactivation-value=\"\"\n  data-form-name=\"ConfidenceBoost-registration\"\n  data-height=\"765\"\n  data-layout-iframe-id=\"inline-uRxxePFCvzatn8p6eq1V\"\n  data-form-id=\"uRxxePFCvzatn8p6eq1V\"\n  title=\"ConfidenceBoost-registration\"\n      >\n<\/iframe>\n<script src=\"https:\/\/links.somba.io\/js\/form_embed.js\"><\/script>\n<\/div>\n\n\n\n<div class=\"wp-block-uagb-container uagb-block-4eb12108\">\n<iframe\n  src=\"https:\/\/links.somba.io\/widget\/form\/wSdb59XLnJD9yg1OKfak\"\n  style=\"width:100%;height:100%;border:none;border-radius:4px\"\n  id=\"inline-wSdb59XLnJD9yg1OKfak\" \n  data-layout=\"{'id':'INLINE'}\"\n  data-trigger-type=\"alwaysShow\"\n  data-trigger-value=\"\"\n  data-activation-type=\"alwaysActivated\"\n  data-activation-value=\"\"\n  data-deactivation-type=\"neverDeactivate\"\n  data-deactivation-value=\"\"\n  data-form-name=\"General Contact Homepage_EN\"\n  data-height=\"400\"\n  data-layout-iframe-id=\"inline-wSdb59XLnJD9yg1OKfak\"\n  data-form-id=\"wSdb59XLnJD9yg1OKfak\"\n  title=\"General Contact Homepage_EN\"\n      >\n<\/iframe>\n<script src=\"https:\/\/links.somba.io\/js\/form_embed.js\"><\/script>\n\n\n<\/div>\n\n\n\n<div class=\"wp-block-uagb-container uagb-block-74010f56 alignfull uagb-is-root-container\"><div class=\"uagb-container-inner-blocks-wrap\">\n<div class=\"wp-block-uagb-info-box uagb-block-8625fc59 uagb-infobox__content-wrap  uagb-infobox-icon-above-title uagb-infobox-image-valign-top\"><div class=\"uagb-ifb-content\"><div class=\"uagb-ifb-title-wrap\"><h3 class=\"uagb-ifb-title\">Ready to take the next step in your journey as a leader?<\/h3><\/div><p class=\"uagb-ifb-desc\">I\u2019m here to help you grow \u2013 as a leader, a human being, and a changemaker.<br><br>Whether you want to book an initial call, are curious about a collaboration, or simply want to share an idea \u2013 write a few lines and I\u2019ll get back to you.<br>Together, we create vibrant results.<\/p><div class=\"uagb-ifb-button-wrapper wp-block-button\"><a href=\"https:\/\/links.somba.io\/widget\/bookings\/hanna\" class=\"uagb-infobox-cta-link wp-block-button__link\" target=\"_self\" rel=\"noopener noreferrer\" onclick=\"return true;\"><span class=\"uagb-inline-editing\">Book a meeting<\/span><svg xmlns=\"https:\/\/www.w3.org\/2000\/svg\" viewbox=\"0 0 448 512\"><path d=\"M160 32V64H288V32C288 14.33 302.3 0 320 0C337.7 0 352 14.33 352 32V64H400C426.5 64 448 85.49 448 112V160H0V112C0 85.49 21.49 64 48 64H96V32C96 14.33 110.3 0 128 0C145.7 0 160 14.33 160 32zM0 192H448V464C448 490.5 426.5 512 400 512H48C21.49 512 0 490.5 0 464V192zM64 304C64 312.8 71.16 320 80 320H112C120.8 320 128 312.8 128 304V272C128 263.2 120.8 256 112 256H80C71.16 256 64 263.2 64 272V304zM192 304C192 312.8 199.2 320 208 320H240C248.8 320 256 312.8 256 304V272C256 263.2 248.8 256 240 256H208C199.2 256 192 263.2 192 272V304zM336 256C327.2 256 320 263.2 320 272V304C320 312.8 327.2 320 336 320H368C376.8 320 384 312.8 384 304V272C384 263.2 376.8 256 368 256H336zM64 432C64 440.8 71.16 448 80 448H112C120.8 448 128 440.8 128 432V400C128 391.2 120.8 384 112 384H80C71.16 384 64 391.2 64 400V432zM208 384C199.2 384 192 391.2 192 400V432C192 440.8 199.2 448 208 448H240C248.8 448 256 440.8 256 432V400C256 391.2 248.8 384 240 384H208zM320 432C320 440.8 327.2 448 336 448H368C376.8 448 384 440.8 384 432V400C384 391.2 376.8 384 368 384H336C327.2 384 320 391.2 320 400V432z\"><\/path><\/svg><\/a><\/div><\/div><\/div>\n<\/div><\/div>\n<\/div><\/div>\n\n\n\n<p><\/p>","protected":false},"excerpt":{"rendered":"<p>Kontoret \u00e4r placerat i Sk\u00f6vde. V\u00e5ra klienter finns runt om i Sverige och online.<\/p>","protected":false},"author":1,"featured_media":0,"parent":0,"menu_order":0,"comment_status":"closed","ping_status":"closed","template":"","meta":{"_uag_custom_page_level_css":"","site-sidebar-layout":"no-sidebar","site-content-layout":"","ast-site-content-layout":"normal-width-container","site-content-style":"default","site-sidebar-style":"default","ast-global-header-display":"","ast-banner-title-visibility":"","ast-main-header-display":"","ast-hfb-above-header-display":"","ast-hfb-below-header-display":"","ast-hfb-mobile-header-display":"","site-post-title":"disabled","ast-breadcrumbs-content":"","ast-featured-img":"","footer-sml-layout":"","theme-transparent-header-meta":"enabled","adv-header-id-meta":"","stick-header-meta":"","header-above-stick-meta":"","header-main-stick-meta":"","header-below-stick-meta":"","astra-migrate-meta-layouts":"default","ast-page-background-enabled":"default","ast-page-background-meta":{"desktop":{"background-color":"var(--ast-global-color-4)","background-image":"","background-repeat":"repeat","background-position":"center center","background-size":"auto","background-attachment":"scroll","background-type":"","background-media":"","overlay-type":"","overlay-color":"","overlay-opacity":"","overlay-gradient":""},"tablet":{"background-color":"","background-image":"","background-repeat":"repeat","background-position":"center center","background-size":"auto","background-attachment":"scroll","background-type":"","background-media":"","overlay-type":"","overlay-color":"","overlay-opacity":"","overlay-gradient":""},"mobile":{"background-color":"","background-image":"","background-repeat":"repeat","background-position":"center center","background-size":"auto","background-attachment":"scroll","background-type":"","background-media":"","overlay-type":"","overlay-color":"","overlay-opacity":"","overlay-gradient":""}},"ast-content-background-meta":{"desktop":{"background-color":"var(--ast-global-color-5)","background-image":"","background-repeat":"repeat","background-position":"center center","background-size":"auto","background-attachment":"scroll","background-type":"","background-media":"","overlay-type":"","overlay-color":"","overlay-opacity":"","overlay-gradient":""},"tablet":{"background-color":"var(--ast-global-color-5)","background-image":"","background-repeat":"repeat","background-position":"center center","background-size":"auto","background-attachment":"scroll","background-type":"","background-media":"","overlay-type":"","overlay-color":"","overlay-opacity":"","overlay-gradient":""},"mobile":{"background-color":"var(--ast-global-color-5)","background-image":"","background-repeat":"repeat","background-position":"center center","background-size":"auto","background-attachment":"scroll","background-type":"","background-media":"","overlay-type":"","overlay-color":"","overlay-opacity":"","overlay-gradient":""}},"footnotes":""},"class_list":["post-2521","page","type-page","status-publish","hentry"],"uagb_featured_image_src":{"full":false,"thumbnail":false,"medium":false,"medium_large":false,"large":false,"1536x1536":false,"2048x2048":false,"trp-custom-language-flag":false},"uagb_author_info":{"display_name":"Hanna Zaxmy","author_link":"https:\/\/migmatit.se\/en\/author\/hanna_local\/"},"uagb_comment_info":0,"uagb_excerpt":"Kontoret \u00e4r placerat i Sk\u00f6vde. V\u00e5ra klienter finns runt om i Sverige och online.","_links":{"self":[{"href":"https:\/\/migmatit.se\/en\/wp-json\/wp\/v2\/pages\/2521","targetHints":{"allow":["GET"]}}],"collection":[{"href":"https:\/\/migmatit.se\/en\/wp-json\/wp\/v2\/pages"}],"about":[{"href":"https:\/\/migmatit.se\/en\/wp-json\/wp\/v2\/types\/page"}],"author":[{"embeddable":true,"href":"https:\/\/migmatit.se\/en\/wp-json\/wp\/v2\/users\/1"}],"replies":[{"embeddable":true,"href":"https:\/\/migmatit.se\/en\/wp-json\/wp\/v2\/comments?post=2521"}],"version-history":[{"count":20,"href":"https:\/\/migmatit.se\/en\/wp-json\/wp\/v2\/pages\/2521\/revisions"}],"predecessor-version":[{"id":3229,"href":"https:\/\/migmatit.se\/en\/wp-json\/wp\/v2\/pages\/2521\/revisions\/3229"}],"wp:attachment":[{"href":"https:\/\/migmatit.se\/en\/wp-json\/wp\/v2\/media?parent=2521"}],"curies":[{"name":"wp","href":"https:\/\/api.w.org\/{rel}","templated":true}]}}