{"id":2520,"date":"2026-03-26T12:06:47","date_gmt":"2026-03-26T11:06:47","guid":{"rendered":"https:\/\/migmatit.se\/blog-2\/"},"modified":"2026-03-26T12:06:47","modified_gmt":"2026-03-26T11:06:47","slug":"blog","status":"publish","type":"page","link":"https:\/\/migmatit.se\/en\/blog\/","title":{"rendered":"Blog"},"content":{"rendered":"<div class=\"wp-block-uagb-container uagb-block-65a8e191 alignfull uagb-is-root-container\"><div class=\"uagb-container-inner-blocks-wrap\">\n<div class=\"wp-block-uagb-container uagb-block-0100edba alignfull uagb-is-root-container\"><div class=\"uagb-container-inner-blocks-wrap\">\n<div class=\"wp-block-uagb-container uagb-block-68525a55\"><\/div>\n\n\n\n<div class=\"wp-block-uagb-container uagb-block-dfad6a54\">\n<div class=\"wp-block-uagb-advanced-heading uagb-block-9c32c350\"><h1 class=\"uagb-heading-text\">More perspectives on leadership<\/h1><\/div>\n\n\n\n<div class=\"wp-block-uagb-advanced-heading uagb-block-f28e4993\"><p class=\"uagb-heading-text\">Inspiring insights and tools for leaders to grow in confidence and clarity.<\/p><\/div>\n<\/div>\n<\/div><\/div>\n<\/div><\/div>\n\n\n\n<div class=\"wp-block-uagb-container uagb-block-3dc14cc0 alignfull uagb-is-root-container\"><div class=\"uagb-container-inner-blocks-wrap\">\n\t\t\t<div class=\"wp-block-uagb-post-grid uagb-post-grid  uagb-post__image-position-top uagb-post__image-enabled uagb-block-f90b8cbe     uagb-post__items uagb-post__columns-3 is-grid uagb-post__columns-tablet-3 uagb-post__columns-mobile-1 uagb-post__equal-height\" data-total=\"7\" style=\"\">\n\n\t\t\t\t\t\t\t\t\t\t\t\t<article class=\"uagb-post__inner-wrap\">\t\t\t\t\t\t\t\t<div class='uagb-post__image'>\n\t\t\t\t\t\t\t\t\t<a href=\"https:\/\/migmatit.se\/en\/accountability-partner\/\" target=\"_self\" rel=\"bookmark noopener noreferrer\" class='uagb-image-ratio-1-1'><img loading=\"lazy\" decoding=\"async\" width=\"640\" height=\"360\" src=\"https:\/\/migmatit.se\/wp-content\/uploads\/2026\/01\/Coffee.jpg\" class=\"attachment-full size-full\" alt=\"\" srcset=\"https:\/\/migmatit.se\/wp-content\/uploads\/2026\/01\/Coffee.jpg 640w, https:\/\/migmatit.se\/wp-content\/uploads\/2026\/01\/Coffee-300x169.jpg 300w, https:\/\/migmatit.se\/wp-content\/uploads\/2026\/01\/Coffee-18x10.jpg 18w\" sizes=\"auto, (max-width: 640px) 100vw, 640px\" \/>\t\t\t\t\t<\/a>\n\t\t\t\t\t\t\t<\/div>\n\t\t\t<div class=\"uag-post-grid-wrapper\">\t\t\t<h2 class=\"uagb-post__title uagb-post__text\">\n\t\t\t\t<a href=\"https:\/\/migmatit.se\/en\/accountability-partner\/\" target=\"_self\" rel=\"bookmark noopener noreferrer\">Are you here \u2013 where you want to be, or are you on your way?<\/a>\n\t\t\t<\/h2>\n\t\t\t\t\t\t<div class='uagb-post__text uagb-post-grid-byline'>\n\t\t\t\t\t\t\t\t<time datetime=\"2026-01-14T16:41:05+01:00\" class=\"uagb-post__date\">\n\t\t\t\t\t\t\t\t\t14 January 2026\t\t\t\t<\/time>\n\t\t\t\t\t\t<\/div>\n\t\t\t\t\t\t\t<div class='uagb-post__text uagb-post__excerpt'>\n\t\t\t\t\t<p>S\u00e5 skapar du vanor som faktiskt h\u00e5ller Nu s\u00e4ger jag Gott nytt \u00e5r igen.Inte f\u00f6r&#8230;\t\t\t\t<\/div>\n\t\t\t\t\t\t<div class=\"uagb-post__text uagb-post__cta wp-block-button\">\n\t\t\t\t<a class=\"wp-block-button__link uagb-text-link\" style=\"\" href=\"https:\/\/migmatit.se\/en\/accountability-partner\/\" target=\"_self\" rel=\"bookmark noopener noreferrer\">Read more<\/a>\n\t\t\t<\/div>\n\t\t\t<\/div>\n\t\t\t\t\t\t\t\t\t<\/article>\n\t\t\t\t\t\t\t\t\t\t\t\t\t\t\t\t<article class=\"uagb-post__inner-wrap\">\t\t\t\t\t\t\t\t<div class='uagb-post__image'>\n\t\t\t\t\t\t\t\t\t<a href=\"https:\/\/migmatit.se\/en\/vem-ar-du-nar-ingen-tittar\/\" target=\"_self\" rel=\"bookmark noopener noreferrer\" class='uagb-image-ratio-1-1'><img loading=\"lazy\" decoding=\"async\" width=\"1200\" height=\"675\" src=\"https:\/\/migmatit.se\/wp-content\/uploads\/2025\/07\/Truth.jpg\" class=\"attachment-full size-full\" alt=\"\" srcset=\"https:\/\/migmatit.se\/wp-content\/uploads\/2025\/07\/Truth.jpg 1200w, https:\/\/migmatit.se\/wp-content\/uploads\/2025\/07\/Truth-300x169.jpg 300w, https:\/\/migmatit.se\/wp-content\/uploads\/2025\/07\/Truth-1024x576.jpg 1024w, https:\/\/migmatit.se\/wp-content\/uploads\/2025\/07\/Truth-768x432.jpg 768w, https:\/\/migmatit.se\/wp-content\/uploads\/2025\/07\/Truth-18x10.jpg 18w\" sizes=\"auto, (max-width: 1200px) 100vw, 1200px\" \/>\t\t\t\t\t<\/a>\n\t\t\t\t\t\t\t<\/div>\n\t\t\t<div class=\"uag-post-grid-wrapper\">\t\t\t<h2 class=\"uagb-post__title uagb-post__text\">\n\t\t\t\t<a href=\"https:\/\/migmatit.se\/en\/vem-ar-du-nar-ingen-tittar\/\" target=\"_self\" rel=\"bookmark noopener noreferrer\">Who are you when no one\u2019s watching?<\/a>\n\t\t\t<\/h2>\n\t\t\t\t\t\t<div class='uagb-post__text uagb-post-grid-byline'>\n\t\t\t\t\t\t\t\t<time datetime=\"2025-07-23T06:59:00+02:00\" class=\"uagb-post__date\">\n\t\t\t\t\t\t\t\t\t23 July 2025\t\t\t\t<\/time>\n\t\t\t\t\t\t<\/div>\n\t\t\t\t\t\t\t<div class='uagb-post__text uagb-post__excerpt'>\n\t\t\t\t\tVem \u00e4r du n\u00e4r ingen tittar \u2013 bortom prestation och titel?\nI det h\u00e4r inl\u00e4gget utforskar&#8230;\t\t\t\t<\/div>\n\t\t\t\t\t\t<div class=\"uagb-post__text uagb-post__cta wp-block-button\">\n\t\t\t\t<a class=\"wp-block-button__link uagb-text-link\" style=\"\" href=\"https:\/\/migmatit.se\/en\/vem-ar-du-nar-ingen-tittar\/\" target=\"_self\" rel=\"bookmark noopener noreferrer\">Read more<\/a>\n\t\t\t<\/div>\n\t\t\t<\/div>\n\t\t\t\t\t\t\t\t\t<\/article>\n\t\t\t\t\t\t\t\t\t\t\t\t\t\t\t\t<article class=\"uagb-post__inner-wrap\">\t\t\t\t\t\t\t\t<div class='uagb-post__image'>\n\t\t\t\t\t\t\t\t\t<a href=\"https:\/\/migmatit.se\/en\/nasta-steg-behover-inte-vara-stort-det-viktiga-ar-att-det-sker\/\" target=\"_self\" rel=\"bookmark noopener noreferrer\" class='uagb-image-ratio-1-1'><img loading=\"lazy\" decoding=\"async\" width=\"1200\" height=\"675\" src=\"https:\/\/migmatit.se\/wp-content\/uploads\/2025\/07\/Next-step.jpg\" class=\"attachment-full size-full\" alt=\"\" srcset=\"https:\/\/migmatit.se\/wp-content\/uploads\/2025\/07\/Next-step.jpg 1200w, https:\/\/migmatit.se\/wp-content\/uploads\/2025\/07\/Next-step-300x169.jpg 300w, https:\/\/migmatit.se\/wp-content\/uploads\/2025\/07\/Next-step-1024x576.jpg 1024w, https:\/\/migmatit.se\/wp-content\/uploads\/2025\/07\/Next-step-768x432.jpg 768w, https:\/\/migmatit.se\/wp-content\/uploads\/2025\/07\/Next-step-18x10.jpg 18w\" sizes=\"auto, (max-width: 1200px) 100vw, 1200px\" \/>\t\t\t\t\t<\/a>\n\t\t\t\t\t\t\t<\/div>\n\t\t\t<div class=\"uag-post-grid-wrapper\">\t\t\t<h2 class=\"uagb-post__title uagb-post__text\">\n\t\t\t\t<a href=\"https:\/\/migmatit.se\/en\/nasta-steg-behover-inte-vara-stort-det-viktiga-ar-att-det-sker\/\" target=\"_self\" rel=\"bookmark noopener noreferrer\">Your Next Step Doesn\u2019t Have to Be Big \u2013 It Just Needs to Happen<\/a>\n\t\t\t<\/h2>\n\t\t\t\t\t\t<div class='uagb-post__text uagb-post-grid-byline'>\n\t\t\t\t\t\t\t\t<time datetime=\"2025-07-16T06:37:00+02:00\" class=\"uagb-post__date\">\n\t\t\t\t\t\t\t\t\t16 July 2025\t\t\t\t<\/time>\n\t\t\t\t\t\t<\/div>\n\t\t\t\t\t\t\t<div class='uagb-post__text uagb-post__excerpt'>\n\t\t\t\t\tDitt n\u00e4sta steg beh\u00f6ver inte vara stort \u2013 det viktiga \u00e4r att det sker. H\u00e4r&#8230;\t\t\t\t<\/div>\n\t\t\t\t\t\t<div class=\"uagb-post__text uagb-post__cta wp-block-button\">\n\t\t\t\t<a class=\"wp-block-button__link uagb-text-link\" style=\"\" href=\"https:\/\/migmatit.se\/en\/nasta-steg-behover-inte-vara-stort-det-viktiga-ar-att-det-sker\/\" target=\"_self\" rel=\"bookmark noopener noreferrer\">Read more<\/a>\n\t\t\t<\/div>\n\t\t\t<\/div>\n\t\t\t\t\t\t\t\t\t<\/article>\n\t\t\t\t\t\t\t\t\t\t\t\t\t\t\t\t<article class=\"uagb-post__inner-wrap\">\t\t\t\t\t\t\t\t<div class='uagb-post__image'>\n\t\t\t\t\t\t\t\t\t<a href=\"https:\/\/migmatit.se\/en\/empati-den-manskliga-superkraften-i-ledarskap\/\" target=\"_self\" rel=\"bookmark noopener noreferrer\" class='uagb-image-ratio-1-1'><img loading=\"lazy\" decoding=\"async\" width=\"1200\" height=\"675\" src=\"https:\/\/migmatit.se\/wp-content\/uploads\/2025\/07\/Empathy-leadership-skill-must-have.jpg\" class=\"attachment-full size-full\" alt=\"\" srcset=\"https:\/\/migmatit.se\/wp-content\/uploads\/2025\/07\/Empathy-leadership-skill-must-have.jpg 1200w, https:\/\/migmatit.se\/wp-content\/uploads\/2025\/07\/Empathy-leadership-skill-must-have-300x169.jpg 300w, https:\/\/migmatit.se\/wp-content\/uploads\/2025\/07\/Empathy-leadership-skill-must-have-1024x576.jpg 1024w, https:\/\/migmatit.se\/wp-content\/uploads\/2025\/07\/Empathy-leadership-skill-must-have-768x432.jpg 768w, https:\/\/migmatit.se\/wp-content\/uploads\/2025\/07\/Empathy-leadership-skill-must-have-18x10.jpg 18w\" sizes=\"auto, (max-width: 1200px) 100vw, 1200px\" \/>\t\t\t\t\t<\/a>\n\t\t\t\t\t\t\t<\/div>\n\t\t\t<div class=\"uag-post-grid-wrapper\">\t\t\t<h2 class=\"uagb-post__title uagb-post__text\">\n\t\t\t\t<a href=\"https:\/\/migmatit.se\/en\/empati-den-manskliga-superkraften-i-ledarskap\/\" target=\"_self\" rel=\"bookmark noopener noreferrer\">Empathy \u2013 the Human Superpower in Leadership<\/a>\n\t\t\t<\/h2>\n\t\t\t\t\t\t<div class='uagb-post__text uagb-post-grid-byline'>\n\t\t\t\t\t\t\t\t<time datetime=\"2025-07-09T06:00:00+02:00\" class=\"uagb-post__date\">\n\t\t\t\t\t\t\t\t\t9 July 2025\t\t\t\t<\/time>\n\t\t\t\t\t\t<\/div>\n\t\t\t\t\t\t\t<div class='uagb-post__text uagb-post__excerpt'>\n\t\t\t\t\tEmpati \u00e4r inte en mjuk extraegenskap \u2013 det \u00e4r en m\u00e4nsklig superkraft.\nI ett ledarskap som&#8230;\t\t\t\t<\/div>\n\t\t\t\t\t\t<div class=\"uagb-post__text uagb-post__cta wp-block-button\">\n\t\t\t\t<a class=\"wp-block-button__link uagb-text-link\" style=\"\" href=\"https:\/\/migmatit.se\/en\/empati-den-manskliga-superkraften-i-ledarskap\/\" target=\"_self\" rel=\"bookmark noopener noreferrer\">Read more<\/a>\n\t\t\t<\/div>\n\t\t\t<\/div>\n\t\t\t\t\t\t\t\t\t<\/article>\n\t\t\t\t\t\t\t\t\t\t\t\t\t\t\t\t<article class=\"uagb-post__inner-wrap\">\t\t\t\t\t\t\t\t<div class='uagb-post__image'>\n\t\t\t\t\t\t\t\t\t<a href=\"https:\/\/migmatit.se\/en\/berattelsen-bakom-etiketten\/\" target=\"_self\" rel=\"bookmark noopener noreferrer\" class='uagb-image-ratio-1-1'><img loading=\"lazy\" decoding=\"async\" width=\"1200\" height=\"675\" src=\"https:\/\/migmatit.se\/wp-content\/uploads\/2025\/06\/Stories-you-tell.jpg\" class=\"attachment-full size-full\" alt=\"\" srcset=\"https:\/\/migmatit.se\/wp-content\/uploads\/2025\/06\/Stories-you-tell.jpg 1200w, https:\/\/migmatit.se\/wp-content\/uploads\/2025\/06\/Stories-you-tell-300x169.jpg 300w, https:\/\/migmatit.se\/wp-content\/uploads\/2025\/06\/Stories-you-tell-1024x576.jpg 1024w, https:\/\/migmatit.se\/wp-content\/uploads\/2025\/06\/Stories-you-tell-768x432.jpg 768w, https:\/\/migmatit.se\/wp-content\/uploads\/2025\/06\/Stories-you-tell-18x10.jpg 18w\" sizes=\"auto, (max-width: 1200px) 100vw, 1200px\" \/>\t\t\t\t\t<\/a>\n\t\t\t\t\t\t\t<\/div>\n\t\t\t<div class=\"uag-post-grid-wrapper\">\t\t\t<h2 class=\"uagb-post__title uagb-post__text\">\n\t\t\t\t<a href=\"https:\/\/migmatit.se\/en\/berattelsen-bakom-etiketten\/\" target=\"_self\" rel=\"bookmark noopener noreferrer\">The Story Behind the Label<\/a>\n\t\t\t<\/h2>\n\t\t\t\t\t\t<div class='uagb-post__text uagb-post-grid-byline'>\n\t\t\t\t\t\t\t\t<time datetime=\"2025-07-02T06:00:00+02:00\" class=\"uagb-post__date\">\n\t\t\t\t\t\t\t\t\t2 July 2025\t\t\t\t<\/time>\n\t\t\t\t\t\t<\/div>\n\t\t\t\t\t\t\t<div class='uagb-post__text uagb-post__excerpt'>\n\t\t\t\t\t\ud83d\udd0d Vad kallar du dig sj\u00e4lv \u2013 n\u00e4r ingen annan lyssnar?\nI det h\u00e4r inl\u00e4gget utforskar&#8230;\t\t\t\t<\/div>\n\t\t\t\t\t\t<div class=\"uagb-post__text uagb-post__cta wp-block-button\">\n\t\t\t\t<a class=\"wp-block-button__link uagb-text-link\" style=\"\" href=\"https:\/\/migmatit.se\/en\/berattelsen-bakom-etiketten\/\" target=\"_self\" rel=\"bookmark noopener noreferrer\">Read more<\/a>\n\t\t\t<\/div>\n\t\t\t<\/div>\n\t\t\t\t\t\t\t\t\t<\/article>\n\t\t\t\t\t\t\t\t\t\t\t\t\t\t\t\t<article class=\"uagb-post__inner-wrap\">\t\t\t\t\t\t\t\t<div class='uagb-post__image'>\n\t\t\t\t\t\t\t\t\t<a href=\"https:\/\/migmatit.se\/en\/darfor-laddar-daglig-reflektion-ditt-sjalvledarskap-varje-dag\/\" target=\"_self\" rel=\"bookmark noopener noreferrer\" class='uagb-image-ratio-1-1'><img loading=\"lazy\" decoding=\"async\" width=\"1200\" height=\"675\" src=\"https:\/\/migmatit.se\/wp-content\/uploads\/2025\/06\/Confidence-charger.jpg\" class=\"attachment-full size-full\" alt=\"\" srcset=\"https:\/\/migmatit.se\/wp-content\/uploads\/2025\/06\/Confidence-charger.jpg 1200w, https:\/\/migmatit.se\/wp-content\/uploads\/2025\/06\/Confidence-charger-300x169.jpg 300w, https:\/\/migmatit.se\/wp-content\/uploads\/2025\/06\/Confidence-charger-1024x576.jpg 1024w, https:\/\/migmatit.se\/wp-content\/uploads\/2025\/06\/Confidence-charger-768x432.jpg 768w, https:\/\/migmatit.se\/wp-content\/uploads\/2025\/06\/Confidence-charger-18x10.jpg 18w\" sizes=\"auto, (max-width: 1200px) 100vw, 1200px\" \/>\t\t\t\t\t<\/a>\n\t\t\t\t\t\t\t<\/div>\n\t\t\t<div class=\"uag-post-grid-wrapper\">\t\t\t<h2 class=\"uagb-post__title uagb-post__text\">\n\t\t\t\t<a href=\"https:\/\/migmatit.se\/en\/darfor-laddar-daglig-reflektion-ditt-sjalvledarskap-varje-dag\/\" target=\"_self\" rel=\"bookmark noopener noreferrer\">Why daily reflection recharges your self-leadership \u2013 every single day<\/a>\n\t\t\t<\/h2>\n\t\t\t\t\t\t<div class='uagb-post__text uagb-post-grid-byline'>\n\t\t\t\t\t\t\t\t<time datetime=\"2025-06-25T08:53:35+02:00\" class=\"uagb-post__date\">\n\t\t\t\t\t\t\t\t\t25 June 2025\t\t\t\t<\/time>\n\t\t\t\t\t\t<\/div>\n\t\t\t\t\t\t\t<div class='uagb-post__text uagb-post__excerpt'>\n\t\t\t\t\tDaglig reflektion \u00e4r inte bara en vana \u2013 det \u00e4r din inre powerbank.\nN\u00e4r du stannar&#8230;\t\t\t\t<\/div>\n\t\t\t\t\t\t<div class=\"uagb-post__text uagb-post__cta wp-block-button\">\n\t\t\t\t<a class=\"wp-block-button__link uagb-text-link\" style=\"\" href=\"https:\/\/migmatit.se\/en\/darfor-laddar-daglig-reflektion-ditt-sjalvledarskap-varje-dag\/\" target=\"_self\" rel=\"bookmark noopener noreferrer\">Read more<\/a>\n\t\t\t<\/div>\n\t\t\t<\/div>\n\t\t\t\t\t\t\t\t\t<\/article>\n\t\t\t\t\t\t\t\t\t\t\t\t\t<div class=\"uagb-post-pagination-wrap\">\n\t\t\t\t\t\t<span aria-current=\"page\" class=\"page-numbers current\">1<\/span>\n<a class=\"page-numbers\" href=\"https:\/\/migmatit.se\/en\/wp-json\/wp\/v2\/pages\/2520\/page\/2\/\">2<\/a>\n<a class=\"page-numbers\" href=\"https:\/\/migmatit.se\/en\/wp-json\/wp\/v2\/pages\/2520\/page\/3\/\">3<\/a>\n<a class=\"page-numbers\" href=\"https:\/\/migmatit.se\/en\/wp-json\/wp\/v2\/pages\/2520\/page\/4\/\">4<\/a>\n<a class=\"page-numbers\" href=\"https:\/\/migmatit.se\/en\/wp-json\/wp\/v2\/pages\/2520\/page\/5\/\">5<\/a>\n<a class=\"page-numbers\" href=\"https:\/\/migmatit.se\/en\/wp-json\/wp\/v2\/pages\/2520\/page\/6\/\">6<\/a>\n<a class=\"page-numbers\" href=\"https:\/\/migmatit.se\/en\/wp-json\/wp\/v2\/pages\/2520\/page\/7\/\">7<\/a>\n<a class=\"next page-numbers\" href=\"https:\/\/migmatit.se\/en\/wp-json\/wp\/v2\/pages\/2520\/page\/2\/\">Next \u00bb<\/a>\t\t\t\t\t<\/div>\n\t\t\t\t\t\t\t\t<\/div>\n\t\t\t<\/div><\/div>\n\n\n\n\n\n\n\n<p><\/p>","protected":false},"excerpt":{"rendered":"<p>Fler perspektiv p\u00e5 ledarskap Inspirerande insikter och verktyg f\u00f6r ledare f\u00f6r att v\u00e4xa i sj\u00e4lvf\u00f6rtroende och klarhet.<\/p>","protected":false},"author":1,"featured_media":0,"parent":0,"menu_order":0,"comment_status":"closed","ping_status":"closed","template":"","meta":{"_uag_custom_page_level_css":"","site-sidebar-layout":"no-sidebar","site-content-layout":"","ast-site-content-layout":"normal-width-container","site-content-style":"default","site-sidebar-style":"default","ast-global-header-display":"","ast-banner-title-visibility":"","ast-main-header-display":"","ast-hfb-above-header-display":"","ast-hfb-below-header-display":"","ast-hfb-mobile-header-display":"","site-post-title":"disabled","ast-breadcrumbs-content":"","ast-featured-img":"","footer-sml-layout":"","theme-transparent-header-meta":"enabled","adv-header-id-meta":"","stick-header-meta":"","header-above-stick-meta":"","header-main-stick-meta":"","header-below-stick-meta":"","astra-migrate-meta-layouts":"default","ast-page-background-enabled":"default","ast-page-background-meta":{"desktop":{"background-color":"var(--ast-global-color-4)","background-image":"","background-repeat":"repeat","background-position":"center center","background-size":"auto","background-attachment":"scroll","background-type":"","background-media":"","overlay-type":"","overlay-color":"","overlay-opacity":"","overlay-gradient":""},"tablet":{"background-color":"","background-image":"","background-repeat":"repeat","background-position":"center center","background-size":"auto","background-attachment":"scroll","background-type":"","background-media":"","overlay-type":"","overlay-color":"","overlay-opacity":"","overlay-gradient":""},"mobile":{"background-color":"","background-image":"","background-repeat":"repeat","background-position":"center center","background-size":"auto","background-attachment":"scroll","background-type":"","background-media":"","overlay-type":"","overlay-color":"","overlay-opacity":"","overlay-gradient":""}},"ast-content-background-meta":{"desktop":{"background-color":"var(--ast-global-color-5)","background-image":"","background-repeat":"repeat","background-position":"center center","background-size":"auto","background-attachment":"scroll","background-type":"","background-media":"","overlay-type":"","overlay-color":"","overlay-opacity":"","overlay-gradient":""},"tablet":{"background-color":"var(--ast-global-color-5)","background-image":"","background-repeat":"repeat","background-position":"center center","background-size":"auto","background-attachment":"scroll","background-type":"","background-media":"","overlay-type":"","overlay-color":"","overlay-opacity":"","overlay-gradient":""},"mobile":{"background-color":"var(--ast-global-color-5)","background-image":"","background-repeat":"repeat","background-position":"center center","background-size":"auto","background-attachment":"scroll","background-type":"","background-media":"","overlay-type":"","overlay-color":"","overlay-opacity":"","overlay-gradient":""}},"footnotes":""},"class_list":["post-2520","page","type-page","status-publish","hentry"],"uagb_featured_image_src":{"full":false,"thumbnail":false,"medium":false,"medium_large":false,"large":false,"1536x1536":false,"2048x2048":false,"trp-custom-language-flag":false},"uagb_author_info":{"display_name":"Hanna Zaxmy","author_link":"https:\/\/migmatit.se\/en\/author\/hanna_local\/"},"uagb_comment_info":0,"uagb_excerpt":"Fler perspektiv p\u00e5 ledarskap Inspirerande insikter och verktyg f\u00f6r ledare f\u00f6r att v\u00e4xa i sj\u00e4lvf\u00f6rtroende och klarhet.","_links":{"self":[{"href":"https:\/\/migmatit.se\/en\/wp-json\/wp\/v2\/pages\/2520","targetHints":{"allow":["GET"]}}],"collection":[{"href":"https:\/\/migmatit.se\/en\/wp-json\/wp\/v2\/pages"}],"about":[{"href":"https:\/\/migmatit.se\/en\/wp-json\/wp\/v2\/types\/page"}],"author":[{"embeddable":true,"href":"https:\/\/migmatit.se\/en\/wp-json\/wp\/v2\/users\/1"}],"replies":[{"embeddable":true,"href":"https:\/\/migmatit.se\/en\/wp-json\/wp\/v2\/comments?post=2520"}],"version-history":[{"count":12,"href":"https:\/\/migmatit.se\/en\/wp-json\/wp\/v2\/pages\/2520\/revisions"}],"predecessor-version":[{"id":3269,"href":"https:\/\/migmatit.se\/en\/wp-json\/wp\/v2\/pages\/2520\/revisions\/3269"}],"wp:attachment":[{"href":"https:\/\/migmatit.se\/en\/wp-json\/wp\/v2\/media?parent=2520"}],"curies":[{"name":"wp","href":"https:\/\/api.w.org\/{rel}","templated":true}]}}