{"id":2505,"date":"2025-12-03T15:24:46","date_gmt":"2025-12-03T14:24:46","guid":{"rendered":"https:\/\/migmatit.se\/?page_id=2505"},"modified":"2025-12-03T15:24:46","modified_gmt":"2025-12-03T14:24:46","slug":"services","status":"publish","type":"page","link":"https:\/\/migmatit.se\/en\/services\/","title":{"rendered":"Services"},"content":{"rendered":"<div class=\"wp-block-uagb-container uagb-block-z3cehkej alignfull uagb-is-root-container\"><div class=\"uagb-container-inner-blocks-wrap\">\n<div class=\"wp-block-uagb-container uagb-block-3017acc0 alignfull uagb-is-root-container\"><div class=\"uagb-container-inner-blocks-wrap\"><\/div><\/div>\n\n\n\n<div class=\"wp-block-uagb-container uagb-block-c1c1053a alignfull uagb-is-root-container\"><div class=\"uagb-container-inner-blocks-wrap\">\n<div class=\"wp-block-uagb-info-box uagb-block-vvofeuer uagb-infobox__content-wrap  uagb-infobox-icon-above-title uagb-infobox-image-valign-top\"><div class=\"uagb-ifb-content\"><div class=\"uagb-ifb-title-wrap\"><h1 class=\"uagb-ifb-title\">Dags f\u00f6r att agera f\u00f6r dina dr\u00f6mmar<\/h1><\/div><\/div><\/div>\n\n\n\n<div class=\"wp-block-uagb-info-box uagb-block-hhrjmytr uagb-infobox__content-wrap  uagb-infobox-icon-above-title uagb-infobox-image-valign-top\"><div class=\"uagb-ifb-content\"><div class=\"uagb-ifb-title-wrap\"><\/div><p class=\"uagb-ifb-desc\">Jag erbjuder flera olika typer av tj\u00e4nster f\u00f6r ledarutveckling. Det styrs utifr\u00e5n dina behov. Min rekommendation \u00e4r att boka ett m\u00f6te med mig f\u00f6r att vi tillsammans ska hitta b\u00e4sta l\u00f6sningen f\u00f6r dig.<br><\/p><div class=\"uagb-ifb-button-wrapper wp-block-button\"><a href=\"https:\/\/links.somba.io\/widget\/bookings\/hanna\" class=\"uagb-infobox-cta-link wp-block-button__link\" target=\"_blank\" rel=\"noopener noreferrer\" onclick=\"return true;\"><span class=\"uagb-inline-editing\">Book a meeting<\/span><svg xmlns=\"https:\/\/www.w3.org\/2000\/svg\" viewbox=\"0 0 448 512\"><path d=\"M160 32V64H288V32C288 14.33 302.3 0 320 0C337.7 0 352 14.33 352 32V64H400C426.5 64 448 85.49 448 112V160H0V112C0 85.49 21.49 64 48 64H96V32C96 14.33 110.3 0 128 0C145.7 0 160 14.33 160 32zM0 192H448V464C448 490.5 426.5 512 400 512H48C21.49 512 0 490.5 0 464V192zM328.1 304.1C338.3 295.6 338.3 280.4 328.1 271C319.6 261.7 304.4 261.7 295 271L200 366.1L152.1 319C143.6 309.7 128.4 309.7 119 319C109.7 328.4 109.7 343.6 119 352.1L183 416.1C192.4 426.3 207.6 426.3 216.1 416.1L328.1 304.1z\"><\/path><\/svg><\/a><\/div><\/div><\/div>\n<\/div><\/div>\n<\/div><\/div>\n\n\n\n<div class=\"wp-block-uagb-container uagb-block-9zvgaqtw alignfull uagb-is-root-container\"><div class=\"uagb-container-inner-blocks-wrap\">\n<div class=\"wp-block-uagb-info-box uagb-block-jimkg8ha uagb-infobox__content-wrap  uagb-infobox-icon-above-title uagb-infobox-image-valign-top\"><div class=\"uagb-ifb-content\"><div class=\"uagb-ifb-title-wrap\"><h2 class=\"uagb-ifb-title\">Beroende p\u00e5 var du \u00e4r och vart du vill <\/h2><\/div><p class=\"uagb-ifb-desc\">Vi g\u00f6r detta tillsammans! Antingen via individuell coaching eller genom ett grupp coachningsprogram. Syftet \u00e4r att du ska ta dina M\u00f6jlighetsperspektiv och vidga dem \u00e4n mer &#8211; samtidigt som vi bygger dina mod-muskler som g\u00f6r att du skapar r\u00f6relse, b\u00e5de nu <em>and <\/em>fram\u00e5t!<\/p><\/div><\/div>\n\n\n\n<div class=\"wp-block-uagb-container uagb-block-81126936 alignwide uagb-is-root-container\">\n<div class=\"wp-block-uagb-container uagb-block-ad4c60f4\">\n<div class=\"wp-block-uagb-image aligncenter uagb-block-vvfww1um wp-block-uagb-image--layout-default wp-block-uagb-image--effect-static wp-block-uagb-image--align-center alignleft\"><figure class=\"wp-block-uagb-image__figure\"><img decoding=\"async\" srcset=\"https:\/\/migmatit.se\/wp-content\/uploads\/2025\/04\/Hanna-Zaxmy-Coaching-1024x576.jpg ,https:\/\/migmatit.se\/wp-content\/uploads\/2025\/04\/Hanna-Zaxmy-Coaching.jpg 780w, https:\/\/migmatit.se\/wp-content\/uploads\/2025\/04\/Hanna-Zaxmy-Coaching.jpg 360w\" sizes=\"auto, (max-width: 480px) 150px\" src=\"https:\/\/migmatit.se\/wp-content\/uploads\/2025\/04\/Hanna-Zaxmy-Coaching-1024x576.jpg\" alt=\"\" class=\"uag-image-2584\" width=\"451\" height=\"288\" title=\"Hanna Zaxmy Coaching\" loading=\"lazy\" role=\"img\"\/><\/figure><\/div>\n\n\n\n<div class=\"wp-block-uagb-info-box uagb-block-zhonbjab uagb-infobox__content-wrap  uagb-infobox-icon-above-title uagb-infobox-image-valign-top\"><div class=\"uagb-ifb-content\"><div class=\"uagb-ifb-title-wrap\"><h3 class=\"uagb-ifb-title\">Individuell coaching<\/h3><\/div><p class=\"uagb-ifb-desc\">H\u00e4r f\u00e5r du mitt fulla fokus p\u00e5 dig och din utveckling. Jag \u00e4r h\u00e4r f\u00f6r att utrusta och boosta dig att agera i den riktning du dr\u00f6mmer om. <br><br>Med mig som coach s\u00e5 ser och agerar du p\u00e5 dina m\u00f6jligheter, vilket skapar en nyfikenhet och gl\u00e4dje i dina kliv vidare. <br><br>Mina kunder har hittat sina dr\u00f6mjobb, skapat nya produkter, skapat stora event efter att ha coachas av mig &#8211; de har tagit sina dr\u00f6mmar och st\u00e4rkt sina modmuskler. Vad \u00e4r det du dr\u00f6mmer om, ber\u00e4tta f\u00f6r mig s\u00e5 ser vi vart vi b\u00f6rjar!<\/p><\/div><\/div>\n\n\n\n<div class=\"wp-block-uagb-advanced-heading uagb-block-7e6bb5b7\"><h3 class=\"uagb-heading-text\">\ud83d\udc49<a href=\"https:\/\/migmatit.se\/en\/coaching\/\" data-type=\"page\" data-id=\"3156\">H\u00e4r finns flera paket att utg\u00e5 ifr\u00e5n<\/a><\/h3><\/div>\n\n\n\n<div class=\"wp-block-uagb-buttons uagb-buttons__outer-wrap uagb-btn__default-btn uagb-btn-tablet__default-btn uagb-btn-mobile__default-btn uagb-block-t4apkpkd\"><div class=\"uagb-buttons__wrap uagb-buttons-layout-wrap\">\n<div class=\"wp-block-uagb-buttons-child uagb-buttons__outer-wrap uagb-block-7wv0bthc wp-block-button\"><div class=\"uagb-button__wrapper\"><a class=\"uagb-buttons-repeater wp-block-button__link\" aria-label=\"\" href=\"https:\/\/links.somba.io\/widget\/bookings\/hanna\" rel=\"follow noopener\" target=\"_self\" role=\"button\"><div class=\"uagb-button__link\">Book a meeting<\/div><span class=\"uagb-button__icon uagb-button__icon-position-after\"><svg xmlns=\"https:\/\/www.w3.org\/2000\/svg\" viewbox=\"0 0 448 512\" aria-hidden=\"true\" focussable=\"false\"><path d=\"M160 32V64H288V32C288 14.33 302.3 0 320 0C337.7 0 352 14.33 352 32V64H400C426.5 64 448 85.49 448 112V160H0V112C0 85.49 21.49 64 48 64H96V32C96 14.33 110.3 0 128 0C145.7 0 160 14.33 160 32zM0 192H448V464C448 490.5 426.5 512 400 512H48C21.49 512 0 490.5 0 464V192zM64 304C64 312.8 71.16 320 80 320H112C120.8 320 128 312.8 128 304V272C128 263.2 120.8 256 112 256H80C71.16 256 64 263.2 64 272V304zM192 304C192 312.8 199.2 320 208 320H240C248.8 320 256 312.8 256 304V272C256 263.2 248.8 256 240 256H208C199.2 256 192 263.2 192 272V304zM336 256C327.2 256 320 263.2 320 272V304C320 312.8 327.2 320 336 320H368C376.8 320 384 312.8 384 304V272C384 263.2 376.8 256 368 256H336zM64 432C64 440.8 71.16 448 80 448H112C120.8 448 128 440.8 128 432V400C128 391.2 120.8 384 112 384H80C71.16 384 64 391.2 64 400V432zM208 384C199.2 384 192 391.2 192 400V432C192 440.8 199.2 448 208 448H240C248.8 448 256 440.8 256 432V400C256 391.2 248.8 384 240 384H208zM320 432C320 440.8 327.2 448 336 448H368C376.8 448 384 440.8 384 432V400C384 391.2 376.8 384 368 384H336C327.2 384 320 391.2 320 400V432z\"><\/path><\/svg><\/span><\/a><\/div><\/div>\n<\/div><\/div>\n<\/div>\n\n\n\n<div class=\"wp-block-uagb-container uagb-block-82b7c648\">\n<div class=\"wp-block-uagb-image alignright uagb-block-fp9n1nb9 wp-block-uagb-image--layout-default wp-block-uagb-image--effect-static wp-block-uagb-image--align-right alignleft\"><figure class=\"wp-block-uagb-image__figure\"><img decoding=\"async\" srcset=\"https:\/\/migmatit.se\/wp-content\/uploads\/2025\/08\/Online-programme-group-coaching-1024x576.jpg ,https:\/\/migmatit.se\/wp-content\/uploads\/2025\/08\/Online-programme-group-coaching.jpg 780w, https:\/\/migmatit.se\/wp-content\/uploads\/2025\/08\/Online-programme-group-coaching.jpg 360w\" sizes=\"auto, (max-width: 480px) 150px\" src=\"https:\/\/migmatit.se\/wp-content\/uploads\/2025\/08\/Online-programme-group-coaching-1024x576.jpg\" alt=\"\" class=\"uag-image-2980\" width=\"517\" height=\"288\" title=\"Online programme group coaching\" loading=\"lazy\" role=\"img\"\/><\/figure><\/div>\n\n\n\n<div class=\"wp-block-uagb-info-box uagb-block-1gpt6iro uagb-infobox__content-wrap  uagb-infobox-icon-above-title uagb-infobox-image-valign-top\"><div class=\"uagb-ifb-content\"><div class=\"uagb-ifb-title-wrap\"><h3 class=\"uagb-ifb-title\">Grupp coachningsprogram<\/h3><\/div><p class=\"uagb-ifb-desc\">H\u00e4r ing\u00e5r du i ett sammanhang d\u00e4r du f\u00e5r utvecklas tillsammans med andra, utrustas och \u00f6va p\u00e5 verktyg och kunskap, f\u00e5 b\u00e5de individuell och grupp coachning f\u00f6r att bygga dina styrkor. <br><br>Vi tr\u00e4ffas 2-4 g\u00e5nger per m\u00e5nad och d\u00e4remellan h\u00e5ller vi ig\u00e5ng v\u00e5r kontakt i olika forum. <br><br>Du f\u00e5r inte bara tillg\u00e5ng till mina erfarenheter och kunskaper, du f\u00e5r ett st\u00f6rre n\u00e4tverk av nyfikna och kompetenta personer. Detta ger ett tryggt sammanhang att st\u00e4rka dina modmuskler f\u00f6r att kliva i dina dr\u00f6mmars riktning!<\/p><\/div><\/div>\n\n\n\n<div class=\"wp-block-uagb-buttons uagb-buttons__outer-wrap uagb-btn__default-btn uagb-btn-tablet__default-btn uagb-btn-mobile__default-btn uagb-block-13esxxok\"><div class=\"uagb-buttons__wrap uagb-buttons-layout-wrap\">\n<div class=\"wp-block-uagb-buttons-child uagb-buttons__outer-wrap uagb-block-7nsi7qhb wp-block-button\"><div class=\"uagb-button__wrapper\"><a class=\"uagb-buttons-repeater wp-block-button__link\" aria-label=\"\" href=\"https:\/\/migmatit.se\/en\/fargrikt-ledarskap\/\" rel=\"follow noopener\" target=\"_self\" role=\"button\"><div class=\"uagb-button__link\">Program p\u00e5 svenska<\/div><span class=\"uagb-button__icon uagb-button__icon-position-after\"><svg xmlns=\"https:\/\/www.w3.org\/2000\/svg\" viewbox=\"0 0 320 512\" aria-hidden=\"true\" focussable=\"false\"><path d=\"M96 480c-8.188 0-16.38-3.125-22.62-9.375c-12.5-12.5-12.5-32.75 0-45.25L242.8 256L73.38 86.63c-12.5-12.5-12.5-32.75 0-45.25s32.75-12.5 45.25 0l192 192c12.5 12.5 12.5 32.75 0 45.25l-192 192C112.4 476.9 104.2 480 96 480z\"><\/path><\/svg><\/span><\/a><\/div><\/div>\n\n\n\n<div class=\"wp-block-uagb-buttons-child uagb-buttons__outer-wrap uagb-block-f1a981b7 wp-block-button\"><div class=\"uagb-button__wrapper\"><a class=\"uagb-buttons-repeater wp-block-button__link\" aria-label=\"\" href=\"https:\/\/migmatit.se\/en\/become_confident\/\" rel=\"follow noopener\" target=\"_self\" role=\"button\"><div class=\"uagb-button__link\">Program p\u00e5 engelska<\/div><span class=\"uagb-button__icon uagb-button__icon-position-after\"><svg xmlns=\"https:\/\/www.w3.org\/2000\/svg\" viewbox=\"0 0 320 512\" aria-hidden=\"true\" focussable=\"false\"><path d=\"M96 480c-8.188 0-16.38-3.125-22.62-9.375c-12.5-12.5-12.5-32.75 0-45.25L242.8 256L73.38 86.63c-12.5-12.5-12.5-32.75 0-45.25s32.75-12.5 45.25 0l192 192c12.5 12.5 12.5 32.75 0 45.25l-192 192C112.4 476.9 104.2 480 96 480z\"><\/path><\/svg><\/span><\/a><\/div><\/div>\n<\/div><\/div>\n<\/div>\n<\/div>\n\n\n\n<div class=\"wp-block-uagb-container uagb-block-d880ba70 alignfull uagb-is-root-container\"><div class=\"uagb-container-inner-blocks-wrap\">\n<header class=\"wp-block-uagb-advanced-heading uagb-block-ca41b4ea\"><h2 class=\"uagb-heading-text\">What my clients say<\/h2><\/header>\n\n\n\n<div class=\"wp-block-uagb-container uagb-block-e525daaf\">\n<div class=\"wp-block-uagb-testimonial uagb-slick-carousel uagb-tm__arrow-outside uagb-block-f0a54686 uagb-post__carousel_notset uagb-post__carousel_notset-tablet uagb-post__carousel_notset-mobile\"><div class=\"is-carousel uagb-tm__columns-1 uagb-tm__items\"><div class=\"uagb-testimonial__wrap  uagb-tm__imgicon-style-circle uagb-tm__image-position-bottom uagb-tm__bg-type-none\"><div class=\"uagb-tm__content\"><div class=\"uagb-tm__overlay\"><\/div><div class=\"uagb-tm__text-wrap\"><div class=\"uagb-tm__desc\">The course 'Lead with Colour' offers a whole palette of methods and tools that are easy to absorb.<br>All the material is professionally developed \u2013 from the lessons to the exercises \u2013 and Hanna guides you through everything in a clear and structured way. There\u2019s a strong, consistent thread running throughout the entire course.<\/div><div class=\"uagb-tm__meta-inner\"><div class=\"uagb-testimonial-details\"><span class=\"uagb-tm__author-name\">Annika Spetz<\/span><span class=\"uagb-tm__company\">Completed the course 'Lead with Colour'<\/span><\/div><\/div><\/div><\/div><\/div><\/div><\/div>\n<\/div>\n\n\n\n<div class=\"wp-block-uagb-container uagb-block-99eaa928\">\n<div class=\"wp-block-uagb-testimonial uagb-slick-carousel uagb-tm__arrow-outside uagb-block-481245c6 uagb-post__carousel_notset uagb-post__carousel_notset-tablet uagb-post__carousel_notset-mobile\"><div class=\"is-carousel uagb-tm__columns-1 uagb-tm__items\"><div class=\"uagb-testimonial__wrap  uagb-tm__imgicon-style-circle uagb-tm__image-position-bottom uagb-tm__bg-type-none\"><div class=\"uagb-tm__content\"><div class=\"uagb-tm__overlay\"><\/div><div class=\"uagb-tm__text-wrap\"><div class=\"uagb-tm__desc\">I liked the simplicity of the message about seeing obstacles as resources, and that I actually received a simple, practical tool for how to do it. It wasn\u2019t a bunch of \u201cblur\u201d \u2013 it was very concrete.<\/div><div class=\"uagb-tm__meta-inner\"><div class=\"uagb-testimonial-details\"><span class=\"uagb-tm__author-name\">Angelica Engman<\/span><span class=\"uagb-tm__company\">Participant 'Webinar: Lead with a value creating vision'<\/span><\/div><\/div><\/div><\/div><\/div><\/div><\/div>\n<\/div>\n\n\n\n<div class=\"wp-block-uagb-container uagb-block-63784fe7\">\n<div class=\"wp-block-uagb-testimonial uagb-slick-carousel uagb-tm__arrow-outside uagb-block-321f8ce4 uagb-post__carousel_notset uagb-post__carousel_notset-tablet uagb-post__carousel_notset-mobile\"><div class=\"is-carousel uagb-tm__columns-1 uagb-tm__items\"><div class=\"uagb-testimonial__wrap  uagb-tm__imgicon-style-circle uagb-tm__image-position-bottom uagb-tm__bg-type-none\"><div class=\"uagb-tm__content\"><div class=\"uagb-tm__overlay\"><\/div><div class=\"uagb-tm__text-wrap\"><div class=\"uagb-tm__desc\">The course has impacted me both personally and in my professional role.<br>Receiving concrete advice and exercises on what I can do and change has been valuable.<br>Having a workbook with exercises directly connected to the course content has helped me start thinking in new ways \u2013 which has been incredibly useful for me.<\/div><div class=\"uagb-tm__meta-inner\"><div class=\"uagb-testimonial-details\"><span class=\"uagb-tm__author-name\">Gunnel Johansson<\/span><span class=\"uagb-tm__company\">Completed the course 'Lead with Colour'<\/span><\/div><\/div><\/div><\/div><\/div><\/div><\/div>\n<\/div>\n<\/div><\/div>\n<\/div><\/div>","protected":false},"excerpt":{"rendered":"<p>\ud83d\udc49H\u00e4r finns flera paket att utg\u00e5 ifr\u00e5n<\/p>","protected":false},"author":1,"featured_media":0,"parent":0,"menu_order":0,"comment_status":"closed","ping_status":"closed","template":"","meta":{"_uag_custom_page_level_css":"","site-sidebar-layout":"default","site-content-layout":"","ast-site-content-layout":"default","site-content-style":"default","site-sidebar-style":"default","ast-global-header-display":"","ast-banner-title-visibility":"","ast-main-header-display":"","ast-hfb-above-header-display":"","ast-hfb-below-header-display":"","ast-hfb-mobile-header-display":"","site-post-title":"disabled","ast-breadcrumbs-content":"","ast-featured-img":"","footer-sml-layout":"","theme-transparent-header-meta":"","adv-header-id-meta":"","stick-header-meta":"","header-above-stick-meta":"","header-main-stick-meta":"","header-below-stick-meta":"","astra-migrate-meta-layouts":"default","ast-page-background-enabled":"default","ast-page-background-meta":{"desktop":{"background-color":"var(--ast-global-color-4)","background-image":"","background-repeat":"repeat","background-position":"center center","background-size":"auto","background-attachment":"scroll","background-type":"","background-media":"","overlay-type":"","overlay-color":"","overlay-opacity":"","overlay-gradient":""},"tablet":{"background-color":"","background-image":"","background-repeat":"repeat","background-position":"center center","background-size":"auto","background-attachment":"scroll","background-type":"","background-media":"","overlay-type":"","overlay-color":"","overlay-opacity":"","overlay-gradient":""},"mobile":{"background-color":"","background-image":"","background-repeat":"repeat","background-position":"center center","background-size":"auto","background-attachment":"scroll","background-type":"","background-media":"","overlay-type":"","overlay-color":"","overlay-opacity":"","overlay-gradient":""}},"ast-content-background-meta":{"desktop":{"background-color":"var(--ast-global-color-5)","background-image":"","background-repeat":"repeat","background-position":"center center","background-size":"auto","background-attachment":"scroll","background-type":"","background-media":"","overlay-type":"","overlay-color":"","overlay-opacity":"","overlay-gradient":""},"tablet":{"background-color":"var(--ast-global-color-5)","background-image":"","background-repeat":"repeat","background-position":"center center","background-size":"auto","background-attachment":"scroll","background-type":"","background-media":"","overlay-type":"","overlay-color":"","overlay-opacity":"","overlay-gradient":""},"mobile":{"background-color":"var(--ast-global-color-5)","background-image":"","background-repeat":"repeat","background-position":"center center","background-size":"auto","background-attachment":"scroll","background-type":"","background-media":"","overlay-type":"","overlay-color":"","overlay-opacity":"","overlay-gradient":""}},"footnotes":""},"class_list":["post-2505","page","type-page","status-publish","hentry"],"uagb_featured_image_src":{"full":false,"thumbnail":false,"medium":false,"medium_large":false,"large":false,"1536x1536":false,"2048x2048":false,"trp-custom-language-flag":false},"uagb_author_info":{"display_name":"Hanna Zaxmy","author_link":"https:\/\/migmatit.se\/en\/author\/hanna_local\/"},"uagb_comment_info":0,"uagb_excerpt":"\ud83d\udc49H\u00e4r finns flera paket att utg\u00e5 ifr\u00e5n","_links":{"self":[{"href":"https:\/\/migmatit.se\/en\/wp-json\/wp\/v2\/pages\/2505","targetHints":{"allow":["GET"]}}],"collection":[{"href":"https:\/\/migmatit.se\/en\/wp-json\/wp\/v2\/pages"}],"about":[{"href":"https:\/\/migmatit.se\/en\/wp-json\/wp\/v2\/types\/page"}],"author":[{"embeddable":true,"href":"https:\/\/migmatit.se\/en\/wp-json\/wp\/v2\/users\/1"}],"replies":[{"embeddable":true,"href":"https:\/\/migmatit.se\/en\/wp-json\/wp\/v2\/comments?post=2505"}],"version-history":[{"count":13,"href":"https:\/\/migmatit.se\/en\/wp-json\/wp\/v2\/pages\/2505\/revisions"}],"predecessor-version":[{"id":3176,"href":"https:\/\/migmatit.se\/en\/wp-json\/wp\/v2\/pages\/2505\/revisions\/3176"}],"wp:attachment":[{"href":"https:\/\/migmatit.se\/en\/wp-json\/wp\/v2\/media?parent=2505"}],"curies":[{"name":"wp","href":"https:\/\/api.w.org\/{rel}","templated":true}]}}