{"id":234,"date":"2024-12-13T11:37:00","date_gmt":"2024-12-13T10:37:00","guid":{"rendered":"https:\/\/migmatit.se\/?page_id=234"},"modified":"2025-02-10T12:16:30","modified_gmt":"2025-02-10T11:16:30","slug":"vill-du-skapa-forandring-bli-an-mer-effektfull-i-det-du-gor","status":"publish","type":"page","link":"https:\/\/migmatit.se\/en\/vill-du-skapa-forandring-bli-an-mer-effektfull-i-det-du-gor\/","title":{"rendered":"Vill du skapa f\u00f6r\u00e4ndring? Bli \u00e4n mer effektfull i det du g\u00f6r?"},"content":{"rendered":"<p>Utmaningen \u00e4r inte att komma ig\u00e5ng, det \u00e4r att h\u00e5lla i. Framf\u00f6rallt n\u00e4r tempot \u00f6kar p\u00e5 nytt igen och resultaten inte \u00e4nnu blivit synliga. I de l\u00e4gena \u00e4r det l\u00e4tt att hamna tillbaka till &#8221;gamla&#8221; invanda m\u00f6nster.  Som chef och ledare \u00e4r du \u00e4ven den som andra tar efter och du s\u00e4tter ton f\u00f6r att ditt team och organisation ska i l\u00e4ngden vara uth\u00e5llig.<\/p>\n\n\n\n<p>Jag kan hj\u00e4lpa dig med att skapa f\u00f6ruts\u00e4ttningarna till att du och ditt team blir uth\u00e5lliga och kommer ta er igenom f\u00f6r\u00e4ndringsresan. <strong>\u00c4r du villig att investera i ditt ledarskap? Du kan b\u00f6rja redan idag!<\/strong><\/p>\n\n\n\n<p>Jag erbjuder olika l\u00f6sningar med online utbildning, coachning, workshops och f\u00f6rel\u00e4sningar.<\/p>\n\n\n\n<p>Vi utg\u00e5r fr\u00e5n d\u00e4r du \u00e4r idag! L\u00e5t oss starta med ett helt f\u00f6rbeh\u00e5llsl\u00f6st m\u00f6te och se hur v\u00e5rt sammarbete ger b\u00e4st effekt!<\/p>\n\n\n\n<iframe src=\"https:\/\/links.somba.io\/widget\/booking\/4pPw3aCklEUHSecX8bh7\" style=\"width: 100%;border:none;overflow: hidden;\" scrolling=\"no\" id=\"4pPw3aCklEUHSecX8bh7_1739184000262\"><\/iframe><br><script src=\"https:\/\/links.somba.io\/js\/form_embed.js\" type=\"text\/javascript\"><\/script>\n\n\n\n<div class=\"wp-block-columns is-layout-flex wp-container-core-columns-is-layout-28f84493 wp-block-columns-is-layout-flex\">\n<div class=\"wp-block-column is-layout-flow wp-block-column-is-layout-flow\">\n<h4 class=\"wp-block-heading\">I mina 20 \u00e5r som chef och ledare s\u00e5\u2026<\/h4>\n\n\n\n<p>Har jag haft f\u00f6rm\u00e5nen att leda b\u00e5de i medg\u00e5ng och motg\u00e5ng. N\u00e4r f\u00f6retaget ska v\u00e4xla upp f\u00f6r det \u00e4r en extra stor efterfr\u00e5gan p\u00e5 tj\u00e4nsterna och produkterna. \u00c4ven i de tillf\u00e4llen d\u00e5 vi beh\u00f6vt g\u00e5 ut med beskedet att vi beh\u00f6ver halvera antalet medarbetare. <\/p>\n\n\n\n<p>Olika utmaningar men det finns mycket likheter ocks\u00e5. Det som jag g\u00e5ng p\u00e5 g\u00e5ng kommit tillbaka till \u00e4r hur viktigt med egna ledarskap \u00e4r. \u00c4r jag trygg i det hj\u00e4lper jag andra b\u00e4ttre. <\/p>\n\n\n\n<p>Vill du ha ett ledarskap d\u00e4r du visar mod, gl\u00e4dje och kreativtet?! Kontakta mig s\u00e5 tar vi kliv i den riktningen.<\/p>\n\n\n\n<p>Boka tid ovan eller maila: <a href=\"mailto:hanna@migmatit.se\">hanna@migmatit.se<\/a> <\/p>\n<\/div>\n\n\n\n<div class=\"wp-block-column is-layout-flow wp-block-column-is-layout-flow\">\n<figure class=\"wp-block-image size-full\"><img loading=\"lazy\" decoding=\"async\" width=\"256\" height=\"300\" src=\"https:\/\/migmatit.se\/wp-content\/uploads\/2024\/12\/Profile-1.jpg\" alt=\"\" class=\"wp-image-239\"\/><\/figure>\n\n\n\n<p>G\u00f6r 2025 till ditt \u00e5r. B\u00f6rja agera redan nu.<\/p>\n\n\n\n<style>\n        .libutton {\n          display: flex;\n          flex-direction: column;\n          justify-content: center;\n          padding: 7px;\n          text-align: center;\n          outline: none;\n          text-decoration: none !important;\n          color: #ffffff !important;\n          width: 200px;\n          height: 32px;\n          border-radius: 16px;\n          background-color: #0A66C2;\n          font-family: \"SF Pro Text\", Helvetica, sans-serif;\n        }\n      <\/style>\n<a class=\"libutton\" href=\"https:\/\/www.linkedin.com\/comm\/mynetwork\/discovery-see-all?usecase=PEOPLE_FOLLOWS&#038;followMember=hannazaxmy\" target=\"_blank\">Connecta p\u00e5 LinkedIn<\/a>\n<\/div>\n<\/div>","protected":false},"excerpt":{"rendered":"<p>Utmaningen \u00e4r inte att komma ig\u00e5ng, det \u00e4r att h\u00e5lla i. Framf\u00f6rallt n\u00e4r tempot \u00f6kar p\u00e5 nytt igen och resultaten inte \u00e4nnu blivit synliga. I de l\u00e4gena \u00e4r det l\u00e4tt att hamna tillbaka till &#8221;gamla&#8221; invanda m\u00f6nster. Som chef och ledare \u00e4r du \u00e4ven den som andra tar efter och du s\u00e4tter ton f\u00f6r att [&hellip;]<\/p>\n","protected":false},"author":1,"featured_media":250,"parent":0,"menu_order":0,"comment_status":"closed","ping_status":"closed","template":"","meta":{"_uag_custom_page_level_css":"","site-sidebar-layout":"default","site-content-layout":"","ast-site-content-layout":"default","site-content-style":"default","site-sidebar-style":"default","ast-global-header-display":"","ast-banner-title-visibility":"","ast-main-header-display":"","ast-hfb-above-header-display":"","ast-hfb-below-header-display":"","ast-hfb-mobile-header-display":"","site-post-title":"","ast-breadcrumbs-content":"","ast-featured-img":"","footer-sml-layout":"","theme-transparent-header-meta":"","adv-header-id-meta":"","stick-header-meta":"","header-above-stick-meta":"","header-main-stick-meta":"","header-below-stick-meta":"","astra-migrate-meta-layouts":"default","ast-page-background-enabled":"default","ast-page-background-meta":{"desktop":{"background-color":"var(--ast-global-color-4)","background-image":"","background-repeat":"repeat","background-position":"center center","background-size":"auto","background-attachment":"scroll","background-type":"","background-media":"","overlay-type":"","overlay-color":"","overlay-opacity":"","overlay-gradient":""},"tablet":{"background-color":"","background-image":"","background-repeat":"repeat","background-position":"center center","background-size":"auto","background-attachment":"scroll","background-type":"","background-media":"","overlay-type":"","overlay-color":"","overlay-opacity":"","overlay-gradient":""},"mobile":{"background-color":"","background-image":"","background-repeat":"repeat","background-position":"center center","background-size":"auto","background-attachment":"scroll","background-type":"","background-media":"","overlay-type":"","overlay-color":"","overlay-opacity":"","overlay-gradient":""}},"ast-content-background-meta":{"desktop":{"background-color":"var(--ast-global-color-5)","background-image":"","background-repeat":"repeat","background-position":"center center","background-size":"auto","background-attachment":"scroll","background-type":"","background-media":"","overlay-type":"","overlay-color":"","overlay-opacity":"","overlay-gradient":""},"tablet":{"background-color":"var(--ast-global-color-5)","background-image":"","background-repeat":"repeat","background-position":"center center","background-size":"auto","background-attachment":"scroll","background-type":"","background-media":"","overlay-type":"","overlay-color":"","overlay-opacity":"","overlay-gradient":""},"mobile":{"background-color":"var(--ast-global-color-5)","background-image":"","background-repeat":"repeat","background-position":"center center","background-size":"auto","background-attachment":"scroll","background-type":"","background-media":"","overlay-type":"","overlay-color":"","overlay-opacity":"","overlay-gradient":""}},"footnotes":""},"class_list":["post-234","page","type-page","status-publish","has-post-thumbnail","hentry"],"uagb_featured_image_src":{"full":["https:\/\/migmatit.se\/wp-content\/uploads\/2024\/12\/Webpage-pictures.jpg",2000,1200,false],"thumbnail":["https:\/\/migmatit.se\/wp-content\/uploads\/2024\/12\/Webpage-pictures-150x150.jpg",150,150,true],"medium":["https:\/\/migmatit.se\/wp-content\/uploads\/2024\/12\/Webpage-pictures-300x180.jpg",300,180,true],"medium_large":["https:\/\/migmatit.se\/wp-content\/uploads\/2024\/12\/Webpage-pictures-768x461.jpg",768,461,true],"large":["https:\/\/migmatit.se\/wp-content\/uploads\/2024\/12\/Webpage-pictures-1024x614.jpg",1024,614,true],"1536x1536":["https:\/\/migmatit.se\/wp-content\/uploads\/2024\/12\/Webpage-pictures-1536x922.jpg",1536,922,true],"2048x2048":["https:\/\/migmatit.se\/wp-content\/uploads\/2024\/12\/Webpage-pictures.jpg",2000,1200,false],"trp-custom-language-flag":["https:\/\/migmatit.se\/wp-content\/uploads\/2024\/12\/Webpage-pictures.jpg",18,12,false]},"uagb_author_info":{"display_name":"Hanna Zaxmy","author_link":"https:\/\/migmatit.se\/en\/author\/hanna_local\/"},"uagb_comment_info":0,"uagb_excerpt":"Utmaningen \u00e4r inte att komma ig\u00e5ng, det \u00e4r att h\u00e5lla i. Framf\u00f6rallt n\u00e4r tempot \u00f6kar p\u00e5 nytt igen och resultaten inte \u00e4nnu blivit synliga. I de l\u00e4gena \u00e4r det l\u00e4tt att hamna tillbaka till &#8221;gamla&#8221; invanda m\u00f6nster. Som chef och ledare \u00e4r du \u00e4ven den som andra tar efter och du s\u00e4tter ton f\u00f6r att&hellip;","_links":{"self":[{"href":"https:\/\/migmatit.se\/en\/wp-json\/wp\/v2\/pages\/234","targetHints":{"allow":["GET"]}}],"collection":[{"href":"https:\/\/migmatit.se\/en\/wp-json\/wp\/v2\/pages"}],"about":[{"href":"https:\/\/migmatit.se\/en\/wp-json\/wp\/v2\/types\/page"}],"author":[{"embeddable":true,"href":"https:\/\/migmatit.se\/en\/wp-json\/wp\/v2\/users\/1"}],"replies":[{"embeddable":true,"href":"https:\/\/migmatit.se\/en\/wp-json\/wp\/v2\/comments?post=234"}],"version-history":[{"count":9,"href":"https:\/\/migmatit.se\/en\/wp-json\/wp\/v2\/pages\/234\/revisions"}],"predecessor-version":[{"id":300,"href":"https:\/\/migmatit.se\/en\/wp-json\/wp\/v2\/pages\/234\/revisions\/300"}],"wp:featuredmedia":[{"embeddable":true,"href":"https:\/\/migmatit.se\/en\/wp-json\/wp\/v2\/media\/250"}],"wp:attachment":[{"href":"https:\/\/migmatit.se\/en\/wp-json\/wp\/v2\/media?parent=234"}],"curies":[{"name":"wp","href":"https:\/\/api.w.org\/{rel}","templated":true}]}}